{"id":10055,"date":"2017-11-23T09:26:36","date_gmt":"2017-11-23T08:26:36","guid":{"rendered":"http:\/\/serviceshop.bieron.nl\/?page_id=10055"},"modified":"2017-11-23T09:36:32","modified_gmt":"2017-11-23T08:36:32","slug":"betaalopties","status":"publish","type":"page","link":"https:\/\/shop.bertplantagie.com\/de\/betaalopties\/","title":{"rendered":"Zahlungsoptionen"},"content":{"rendered":"<p>[vc_row][vc_column][vc_custom_heading text=&#8220;Zahlungsoptionen&#8220; font_container=&#8220;tag:h1|font_size:24px|text_align:left|color:%231c353c&#8220; google_fonts=&#8220;font_family:Roboto%3A100%2C100italic%2C300%2C300italic%2Cregular%2Citalic%2C500%2C500italic%2C700%2C700italic%2C900%2C900italic|font_style:700%20bold%20regular%3A700%3Anormal&#8220; el_class=&#8220;title&#8220;][vc_column_text css=&#8220;.vc_custom_1511425439093{margin-top: 20px !important;margin-bottom: 20px !important;}&#8220;]<span style=\"font-weight: 400;\">Auf diese Website verwenden wir die n\u00e4chste Zahlungsoptionen:<\/span>[\/vc_column_text][vc_single_image image=&#8220;8507&#8243; img_size=&#8220;full&#8220;][vc_column_text css=&#8220;.vc_custom_1511425504535{margin-top: 20px !important;margin-bottom: 20px !important;}&#8220;]<b>Im Voraus mit Sofort\u00fcberweisung bezahlen<\/b><\/p>\n<p><span style=\"font-weight: 400;\">Sofort\u00fcberweisung ist eine sichere Onlinezahlungsmethode bei der die Bezahlung direkt im sicheren Online-Banking Bereich Ihrer Bank oder Sparkasse stattfindet. Dadurch ist garantiert, dass sensible Daten nicht an Dritte weitergegeben werden.<\/span><\/p>\n<p>&nbsp;<\/p>\n<p><b>Im Voraus mit iDEAL bezahlen<\/b><\/p>\n<p><span style=\"font-weight: 400;\">Sie k\u00f6nnen Ihre Bestellung mit iDEAL bezahlen, bevor Sie sie empfangen. Das bedeutet, dass Sie den gefragten Betrag bezahlen, sobald Sie Ihre Bestellung aufgeben. Das funktioniert online mit Ihrer eigenen Bank. Ein gro\u00dfer Vorteil ist, dass wir alle vorr\u00e4tigen Artikel direkt an Sie liefern k\u00f6nnen.<\/span><\/p>\n<p>&nbsp;<\/p>\n<p><i><span style=\"font-weight: 400;\">So funktioniert es: Bezahlen mit iDEAL<\/span><\/i><\/p>\n<p>&nbsp;<\/p>\n<p><span style=\"font-weight: 400;\">Wenn Sie vom Online Banking der ABN AMRO, ASN Bank, Friesland Bank, ING, Rabobank, SNS Bank, SNS Regio Bank oder Triodos Bank gebrauchen machen, k\u00f6nnen Sie iDEAL benutzen.<\/span><\/p>\n<p><span style=\"font-weight: 400;\">Sie plazieren dann Ihre gew\u00fcnschten Produkte in den Einkaufswagen. Dann durchlaufen Sie den Bazahlungsprozess und w\u00e4hlen die Option iDeal.<\/span><\/p>\n<p><span style=\"font-weight: 400;\">Sie werden zu Ihrer eignen Internet Banking- Umgebung weitergeleitet. F\u00fcllen Sie die fehlenden Daten ein und vollenden Sie die Bezahlung.<\/span><\/p>\n<p><span style=\"font-weight: 400;\">Der Betrag wird dann direkt von ihrem Konto abgeschrieben. Wir bekommen den Bericht, dass die Bestellung bezahlt ist.<\/span><\/p>\n<p><span style=\"font-weight: 400;\">Sollten Sie sich dazu entscheiden die Bestellung \u2013 oder einen Teil davon \u2013 zu annulieren oder zur\u00fcckzuschicken und haben Sie die Bestellung schon vollst\u00e4ndig im Voraus mit iDEAL bezahlt, dann zahlen wir den betreffenden Betrag (nach dem Versand exklusive der Lieferkosten) innerhalb von 15 Arbeitstagen an Sie zur\u00fcck.<\/span><\/p>\n<p>&nbsp;<\/p>\n<p><b>Im Voraus mit MisterCash bezahlen<\/b><\/p>\n<p><span style=\"font-weight: 400;\">Sie k\u00f6nnen Ihre Bestellung vor dem Empfang mit MisterCash bezahlen. Dieses Bezahlungssystem wird im Allgemeinen nur f\u00fcr Belgische Kontoinhaber zur Verf\u00fcgung gestellt. Genau wie bei iDEAL bedeutet es, dass Sie den erforderten Betrag beim Aufgeben Ihrer Bestellung bezahlen. Das passiert online bei Ihrer eigenen Bank. Gro\u00dfer Vorteil hierbei ist, dass wir alles vorr\u00e4tigen Artikel direkt an Sie liefern k\u00f6nnen.<\/span><\/p>\n<p>&nbsp;<\/p>\n<p><b>Im Voraus mit PayPal bezahlen<\/b><\/p>\n<p><span style=\"font-weight: 400;\">Sie bezahlen den Rechnungsbetrag \u00fcber den Online-Anbieter Paypal. Sie m\u00fcssen grunds\u00e4tzlich dort registriert sein bzw. sich erst registrieren, mit Ihren Zugangsdaten legitimieren und die Zahlungsanweisung an uns best\u00e4tigen (Ausnahme ggf. Gastzugang). Weitere Hinweise erhalten Sie beim Bestellvorgang.<\/span><\/p>\n<p>&nbsp;<\/p>\n<p><span style=\"font-weight: 400;\">Sie haben \u00fcber Paypal ebenfalls die M\u00f6glichkeit die Zahlung per Kreditkarte auszuw\u00e4hlen. Auch hierf\u00fcr ben\u00f6tigen Sie einen bestehenden Paypal Account. Sollten Sie keine Paypal Account besitzen, k\u00f6nnen Sie diesen w\u00e4hren der Zahlung anlegen.<\/span>[\/vc_column_text][\/vc_column][\/vc_row]<\/p>\n","protected":false},"excerpt":{"rendered":"<p>[vc_row][vc_column][vc_custom_heading text=&#8220;Zahlungsoptionen&#8220; font_container=&#8220;tag:h1|font_size:24px|text_align:left|color:%231c353c&#8220; google_fonts=&#8220;font_family:Roboto%3A100%2C100italic%2C300%2C300italic%2Cregular%2Citalic%2C500%2C500italic%2C700%2C700italic%2C900%2C900italic|font_style:700%20bold%20regular%3A700%3Anormal&#8220; el_class=&#8220;title&#8220;][vc_column_text css=&#8220;.vc_custom_1511425439093{margin-top: 20px !important;margin-bottom: 20px !important;}&#8220;]Auf diese Website verwenden wir die n\u00e4chste Zahlungsoptionen:[\/vc_column_text][vc_single_image image=&#8220;8507&#8243; img_size=&#8220;full&#8220;][vc_column_text css=&#8220;.vc_custom_1511425504535{margin-top: 20px !important;margin-bottom: 20px !important;}&#8220;]Im Voraus mit Sofort\u00fcberweisung bezahlen Sofort\u00fcberweisung ist eine sichere Onlinezahlungsmethode bei der die Bezahlung direkt im sicheren Online-Banking Bereich Ihrer Bank oder Sparkasse stattfindet. Dadurch ist garantiert, dass sensible Daten nicht an [&hellip;]<\/p>\n","protected":false},"author":6228,"featured_media":0,"parent":0,"menu_order":0,"comment_status":"closed","ping_status":"closed","template":"","meta":{"_acf_changed":false,"footnotes":""},"class_list":["post-10055","page","type-page","status-publish","hentry"],"acf":[],"yoast_head":"<!-- This site is optimized with the Yoast SEO plugin v26.7 - https:\/\/yoast.com\/wordpress\/plugins\/seo\/ -->\n<title>Zahlungsoptionen - bert plantagie Serviceshop<\/title>\n<meta name=\"robots\" content=\"index, follow, max-snippet:-1, max-image-preview:large, max-video-preview:-1\" \/>\n<link rel=\"canonical\" href=\"https:\/\/shop.bertplantagie.com\/de\/betaalopties\/\" \/>\n<meta property=\"og:locale\" content=\"de_DE\" \/>\n<meta property=\"og:type\" content=\"article\" \/>\n<meta property=\"og:title\" content=\"Zahlungsoptionen - bert plantagie Serviceshop\" \/>\n<meta property=\"og:description\" content=\"[vc_row][vc_column][vc_custom_heading text=&#8220;Zahlungsoptionen&#8220; font_container=&#8220;tag:h1|font_size:24px|text_align:left|color:%231c353c&#8220; google_fonts=&#8220;font_family:Roboto%3A100%2C100italic%2C300%2C300italic%2Cregular%2Citalic%2C500%2C500italic%2C700%2C700italic%2C900%2C900italic|font_style:700%20bold%20regular%3A700%3Anormal&#8220; el_class=&#8220;title&#8220;][vc_column_text css=&#8220;.vc_custom_1511425439093{margin-top: 20px !important;margin-bottom: 20px !important;}&#8220;]Auf diese Website verwenden wir die n\u00e4chste Zahlungsoptionen:[\/vc_column_text][vc_single_image image=&#8220;8507&#8243; img_size=&#8220;full&#8220;][vc_column_text css=&#8220;.vc_custom_1511425504535{margin-top: 20px !important;margin-bottom: 20px !important;}&#8220;]Im Voraus mit Sofort\u00fcberweisung bezahlen Sofort\u00fcberweisung ist eine sichere Onlinezahlungsmethode bei der die Bezahlung direkt im sicheren Online-Banking Bereich Ihrer Bank oder Sparkasse stattfindet. Dadurch ist garantiert, dass sensible Daten nicht an [&hellip;]\" \/>\n<meta property=\"og:url\" content=\"https:\/\/shop.bertplantagie.com\/de\/betaalopties\/\" \/>\n<meta property=\"og:site_name\" content=\"bert plantagie Serviceshop\" \/>\n<meta property=\"article:modified_time\" content=\"2017-11-23T08:36:32+00:00\" \/>\n<meta name=\"twitter:card\" content=\"summary_large_image\" \/>\n<meta name=\"twitter:label1\" content=\"Gesch\u00e4tzte Lesezeit\" \/>\n\t<meta name=\"twitter:data1\" content=\"2\u00a0Minuten\" \/>\n<script type=\"application\/ld+json\" class=\"yoast-schema-graph\">{\"@context\":\"https:\/\/schema.org\",\"@graph\":[{\"@type\":\"WebPage\",\"@id\":\"https:\/\/shop.bertplantagie.com\/de\/betaalopties\/\",\"url\":\"https:\/\/shop.bertplantagie.com\/de\/betaalopties\/\",\"name\":\"Zahlungsoptionen - bert plantagie Serviceshop\",\"isPartOf\":{\"@id\":\"https:\/\/bertshop.colijn-webshops.nl\/nl\/#website\"},\"datePublished\":\"2017-11-23T08:26:36+00:00\",\"dateModified\":\"2017-11-23T08:36:32+00:00\",\"breadcrumb\":{\"@id\":\"https:\/\/shop.bertplantagie.com\/de\/betaalopties\/#breadcrumb\"},\"inLanguage\":\"de\",\"potentialAction\":[{\"@type\":\"ReadAction\",\"target\":[\"https:\/\/shop.bertplantagie.com\/de\/betaalopties\/\"]}]},{\"@type\":\"BreadcrumbList\",\"@id\":\"https:\/\/shop.bertplantagie.com\/de\/betaalopties\/#breadcrumb\",\"itemListElement\":[{\"@type\":\"ListItem\",\"position\":1,\"name\":\"Serviceshop\",\"item\":\"https:\/\/bertshop.colijn-webshops.nl\/de\/\"},{\"@type\":\"ListItem\",\"position\":2,\"name\":\"Zahlungsoptionen\"}]},{\"@type\":\"WebSite\",\"@id\":\"https:\/\/bertshop.colijn-webshops.nl\/nl\/#website\",\"url\":\"https:\/\/bertshop.colijn-webshops.nl\/nl\/\",\"name\":\"bert plantagie Serviceshop\",\"description\":\"\",\"potentialAction\":[{\"@type\":\"SearchAction\",\"target\":{\"@type\":\"EntryPoint\",\"urlTemplate\":\"https:\/\/bertshop.colijn-webshops.nl\/nl\/?s={search_term_string}\"},\"query-input\":{\"@type\":\"PropertyValueSpecification\",\"valueRequired\":true,\"valueName\":\"search_term_string\"}}],\"inLanguage\":\"de\"}]}<\/script>\n<!-- \/ Yoast SEO plugin. -->","yoast_head_json":{"title":"Zahlungsoptionen - bert plantagie Serviceshop","robots":{"index":"index","follow":"follow","max-snippet":"max-snippet:-1","max-image-preview":"max-image-preview:large","max-video-preview":"max-video-preview:-1"},"canonical":"https:\/\/shop.bertplantagie.com\/de\/betaalopties\/","og_locale":"de_DE","og_type":"article","og_title":"Zahlungsoptionen - bert plantagie Serviceshop","og_description":"[vc_row][vc_column][vc_custom_heading text=&#8220;Zahlungsoptionen&#8220; font_container=&#8220;tag:h1|font_size:24px|text_align:left|color:%231c353c&#8220; google_fonts=&#8220;font_family:Roboto%3A100%2C100italic%2C300%2C300italic%2Cregular%2Citalic%2C500%2C500italic%2C700%2C700italic%2C900%2C900italic|font_style:700%20bold%20regular%3A700%3Anormal&#8220; el_class=&#8220;title&#8220;][vc_column_text css=&#8220;.vc_custom_1511425439093{margin-top: 20px !important;margin-bottom: 20px !important;}&#8220;]Auf diese Website verwenden wir die n\u00e4chste Zahlungsoptionen:[\/vc_column_text][vc_single_image image=&#8220;8507&#8243; img_size=&#8220;full&#8220;][vc_column_text css=&#8220;.vc_custom_1511425504535{margin-top: 20px !important;margin-bottom: 20px !important;}&#8220;]Im Voraus mit Sofort\u00fcberweisung bezahlen Sofort\u00fcberweisung ist eine sichere Onlinezahlungsmethode bei der die Bezahlung direkt im sicheren Online-Banking Bereich Ihrer Bank oder Sparkasse stattfindet. Dadurch ist garantiert, dass sensible Daten nicht an [&hellip;]","og_url":"https:\/\/shop.bertplantagie.com\/de\/betaalopties\/","og_site_name":"bert plantagie Serviceshop","article_modified_time":"2017-11-23T08:36:32+00:00","twitter_card":"summary_large_image","twitter_misc":{"Gesch\u00e4tzte Lesezeit":"2\u00a0Minuten"},"schema":{"@context":"https:\/\/schema.org","@graph":[{"@type":"WebPage","@id":"https:\/\/shop.bertplantagie.com\/de\/betaalopties\/","url":"https:\/\/shop.bertplantagie.com\/de\/betaalopties\/","name":"Zahlungsoptionen - bert plantagie Serviceshop","isPartOf":{"@id":"https:\/\/bertshop.colijn-webshops.nl\/nl\/#website"},"datePublished":"2017-11-23T08:26:36+00:00","dateModified":"2017-11-23T08:36:32+00:00","breadcrumb":{"@id":"https:\/\/shop.bertplantagie.com\/de\/betaalopties\/#breadcrumb"},"inLanguage":"de","potentialAction":[{"@type":"ReadAction","target":["https:\/\/shop.bertplantagie.com\/de\/betaalopties\/"]}]},{"@type":"BreadcrumbList","@id":"https:\/\/shop.bertplantagie.com\/de\/betaalopties\/#breadcrumb","itemListElement":[{"@type":"ListItem","position":1,"name":"Serviceshop","item":"https:\/\/bertshop.colijn-webshops.nl\/de\/"},{"@type":"ListItem","position":2,"name":"Zahlungsoptionen"}]},{"@type":"WebSite","@id":"https:\/\/bertshop.colijn-webshops.nl\/nl\/#website","url":"https:\/\/bertshop.colijn-webshops.nl\/nl\/","name":"bert plantagie Serviceshop","description":"","potentialAction":[{"@type":"SearchAction","target":{"@type":"EntryPoint","urlTemplate":"https:\/\/bertshop.colijn-webshops.nl\/nl\/?s={search_term_string}"},"query-input":{"@type":"PropertyValueSpecification","valueRequired":true,"valueName":"search_term_string"}}],"inLanguage":"de"}]}},"_links":{"self":[{"href":"https:\/\/shop.bertplantagie.com\/de\/wp-json\/wp\/v2\/pages\/10055","targetHints":{"allow":["GET"]}}],"collection":[{"href":"https:\/\/shop.bertplantagie.com\/de\/wp-json\/wp\/v2\/pages"}],"about":[{"href":"https:\/\/shop.bertplantagie.com\/de\/wp-json\/wp\/v2\/types\/page"}],"author":[{"embeddable":true,"href":"https:\/\/shop.bertplantagie.com\/de\/wp-json\/wp\/v2\/users\/6228"}],"replies":[{"embeddable":true,"href":"https:\/\/shop.bertplantagie.com\/de\/wp-json\/wp\/v2\/comments?post=10055"}],"version-history":[{"count":2,"href":"https:\/\/shop.bertplantagie.com\/de\/wp-json\/wp\/v2\/pages\/10055\/revisions"}],"predecessor-version":[{"id":10060,"href":"https:\/\/shop.bertplantagie.com\/de\/wp-json\/wp\/v2\/pages\/10055\/revisions\/10060"}],"wp:attachment":[{"href":"https:\/\/shop.bertplantagie.com\/de\/wp-json\/wp\/v2\/media?parent=10055"}],"curies":[{"name":"wp","href":"https:\/\/api.w.org\/{rel}","templated":true}]}}