{"id":10061,"date":"2017-11-23T09:38:20","date_gmt":"2017-11-23T08:38:20","guid":{"rendered":"http:\/\/serviceshop.bieron.nl\/?page_id=10061"},"modified":"2022-08-29T14:23:26","modified_gmt":"2022-08-29T12:23:26","slug":"widerrufsrecht","status":"publish","type":"page","link":"https:\/\/shop.bertplantagie.com\/de\/widerrufsrecht\/","title":{"rendered":"Widerrufsrecht"},"content":{"rendered":"<p>[vc_row][vc_column][vc_custom_heading text=&#8220;Widerrufsrecht &#8220; font_container=&#8220;tag:h1|font_size:24px|text_align:left|color:%231c353c&#8220; google_fonts=&#8220;font_family:Roboto%3A100%2C100italic%2C300%2C300italic%2Cregular%2Citalic%2C500%2C500italic%2C700%2C700italic%2C900%2C900italic|font_style:700%20bold%20regular%3A700%3Anormal&#8220; el_class=&#8220;title&#8220;][vc_column_text css=&#8220;.vc_custom_1511426294758{margin-top: 20px !important;margin-bottom: 20px !important;}&#8220;]<span style=\"font-weight: 400\">Als Onlineshop sind wir verpflichtet den Kunden \u00fcber das Widerrufsrecht zu informieren. Sie k\u00f6nnen Produkte, die Sie bei bert plantagie B.V. Online gekauft haben zur\u00fcckschicken oder umtauschen, wenn Sie die folgende Bedingungen erf\u00fcllen:<\/span><\/p>\n<p>&nbsp;<\/p>\n<p><span style=\"font-weight: 400\">Das Produkt ist nicht l\u00e4nger als 14 Tage in Ihrem Bezitz<\/span><\/p>\n<p><span style=\"font-weight: 400\">Die Produkte sind nicht benutzt, unbesch\u00e4digt und noch immer in der Originalverpackung (soweit gerechterweise m\u00f6glich)<\/span><\/p>\n<p><span style=\"font-weight: 400\">Sie sind im Bezitz des originalen Ankaufsbeweises<\/span><\/p>\n<p>&nbsp;<\/p>\n<p><b>Wenn Sie ein Produkt umtauschen oder zur\u00fcckschicken wollen, tun Sie das folgende:<\/b><\/p>\n<p>&nbsp;<\/p>\n<p><span style=\"font-weight: 400\">Melden Sie Ihre R\u00fccksendung mit der\u00a0<a href=\"https:\/\/shop.bertplantagie.com\/wp-content\/uploads\/2022\/08\/BP_Rucksendeformular_DE.pdf\" target=\"_blank\" rel=\"noopener\">R\u00fccksendeantrag<\/a> bei uns an.<\/span><\/p>\n<p><span style=\"font-weight: 400\">Sie empfangen eine Kopie des R\u00fccksendeantrages per Email. Drucken Sie diesen Antrag aus und f\u00fcgen diesen an die R\u00fccksendung an.<\/span><\/p>\n<p><span style=\"font-weight: 400\">Produkte, die ohne diesen Antrag zur\u00fcckgeschickt werden, k\u00f6nnen nicht bearbeitet werden. Diese Produkte werden auch nicht wieder an Sie zur\u00fcckgeschickt, bevor Sie nicht neue Versandkosten bezahlt haben.<\/span><\/p>\n<p><span style=\"font-weight: 400\">Schicken Sie Ihre Bestellung und den dazugeh\u00f6renden Antrag innerhalb von 14 Tagen an uns zur\u00fcck. Die Versandkosten m\u00fcssen Sie selbst tragen.<\/span><\/p>\n<p><span style=\"font-weight: 400\">Nach der Kontrolle der zur\u00fcckgeschickten Artikel, werden wir, bei einem korrekten Empfang, den Kaufbetrag innerhalb der n\u00e4chsten 14 Tage auf Ihr Konto \u00fcberweisen oder wenn Sie w\u00fcnschen auch ein anderes Produkt an Sie schicken.<\/span><\/p>\n<p>&nbsp;<\/p>\n<p><b>Produkt besch\u00e4digt empfangen<\/b><span style=\"font-weight: 400\"><br \/>\n<\/span><span style=\"font-weight: 400\">Sie m\u00fcssen die Lieferung Ihrer Bestellung beim Empfang nach sichtbaren Sch\u00e4den kontrollieren. Denken Sie dabei an Kartons, die besch\u00e4digt sind (eingedr\u00fcckt oder kaputt) oder an eine Plastikverpackung, die zerrissen ist. Schreiben Sie dies sofort auf den Lieferzettel, die der Lieferant bei sich hat.<\/span><\/p>\n<p><span style=\"font-weight: 400\">Falls Sie erst Besch\u00e4digungen nach dem Auspacken sehen, m\u00fcssen Sie uns sofort informieren. Daf\u00fcr schicken Sie bitte eine Email an\u00a0<\/span><a href=\"mailto:service@bertplantagie.de\"><span style=\"font-weight: 400\">service@bertplantagie.de<\/span><\/a><span style=\"font-weight: 400\">\u00a0mit Ihrem Namen, der Bestellnummer und dem Bestelldatim und einer Beschreibung Ihrer Beschwerde. F\u00fcr die Deutlichkeit bitten wir Sie auch digitale Fotos mitzuschicken, worauf der Schaden eindeutig zu erkennen ist. Wir werden dann mit Ihnen Kontakt aufnehmen, um weitere Absprachen zu machen.<\/span><\/p>\n<p>&nbsp;<\/p>\n<p><b>Verg\u00fctung der Versandkosten bei R\u00fccksendungen<\/b><span style=\"font-weight: 400\"><br \/>\n<\/span><span style=\"font-weight: 400\">Wir verg\u00fcten die Versandkosten einer R\u00fccksendung nur, wenn:<\/span><\/p>\n<p>&nbsp;<\/p>\n<p><span style=\"font-weight: 400\">Sie ein anderen Produkt empfingen als Sie bestellt haben<\/span><\/p>\n<p><span style=\"font-weight: 400\">das Produkt besch\u00e4digt angekommen ist<\/span><\/p>\n<p>&nbsp;<\/p>\n<p><span style=\"font-weight: 400\">In jedem anderen Fall m\u00fcssen die Versandkosten f\u00fcr die R\u00fccksendung vom Kunden getragen werden.<\/span>[\/vc_column_text][vc_column_text css=&#8220;.vc_custom_1497617344031{margin-top: 20px !important;margin-bottom: 20px !important;}&#8220;][\/vc_column_text][\/vc_column][\/vc_row]<\/p>\n","protected":false},"excerpt":{"rendered":"<p>[vc_row][vc_column][vc_custom_heading text=&#8220;Widerrufsrecht &#8220; font_container=&#8220;tag:h1|font_size:24px|text_align:left|color:%231c353c&#8220; google_fonts=&#8220;font_family:Roboto%3A100%2C100italic%2C300%2C300italic%2Cregular%2Citalic%2C500%2C500italic%2C700%2C700italic%2C900%2C900italic|font_style:700%20bold%20regular%3A700%3Anormal&#8220; el_class=&#8220;title&#8220;][vc_column_text css=&#8220;.vc_custom_1511426294758{margin-top: 20px !important;margin-bottom: 20px !important;}&#8220;]Als Onlineshop sind wir verpflichtet den Kunden \u00fcber das Widerrufsrecht zu informieren. Sie k\u00f6nnen Produkte, die Sie bei bert plantagie B.V. Online gekauft haben zur\u00fcckschicken oder umtauschen, wenn Sie die folgende Bedingungen erf\u00fcllen: &nbsp; Das Produkt ist nicht l\u00e4nger als 14 Tage in Ihrem Bezitz [&hellip;]<\/p>\n","protected":false},"author":6228,"featured_media":0,"parent":0,"menu_order":0,"comment_status":"closed","ping_status":"closed","template":"","meta":{"_acf_changed":false,"footnotes":""},"class_list":["post-10061","page","type-page","status-publish","hentry"],"acf":[],"yoast_head":"<!-- This site is optimized with the Yoast SEO plugin v26.7 - https:\/\/yoast.com\/wordpress\/plugins\/seo\/ -->\n<title>Widerrufsrecht - bert plantagie Serviceshop<\/title>\n<meta name=\"robots\" content=\"index, follow, max-snippet:-1, max-image-preview:large, max-video-preview:-1\" \/>\n<link rel=\"canonical\" href=\"https:\/\/shop.bertplantagie.com\/de\/widerrufsrecht\/\" \/>\n<meta property=\"og:locale\" content=\"de_DE\" \/>\n<meta property=\"og:type\" content=\"article\" \/>\n<meta property=\"og:title\" content=\"Widerrufsrecht - bert plantagie Serviceshop\" \/>\n<meta property=\"og:description\" content=\"[vc_row][vc_column][vc_custom_heading text=&#8220;Widerrufsrecht &#8220; font_container=&#8220;tag:h1|font_size:24px|text_align:left|color:%231c353c&#8220; google_fonts=&#8220;font_family:Roboto%3A100%2C100italic%2C300%2C300italic%2Cregular%2Citalic%2C500%2C500italic%2C700%2C700italic%2C900%2C900italic|font_style:700%20bold%20regular%3A700%3Anormal&#8220; el_class=&#8220;title&#8220;][vc_column_text css=&#8220;.vc_custom_1511426294758{margin-top: 20px !important;margin-bottom: 20px !important;}&#8220;]Als Onlineshop sind wir verpflichtet den Kunden \u00fcber das Widerrufsrecht zu informieren. Sie k\u00f6nnen Produkte, die Sie bei bert plantagie B.V. Online gekauft haben zur\u00fcckschicken oder umtauschen, wenn Sie die folgende Bedingungen erf\u00fcllen: &nbsp; Das Produkt ist nicht l\u00e4nger als 14 Tage in Ihrem Bezitz [&hellip;]\" \/>\n<meta property=\"og:url\" content=\"https:\/\/shop.bertplantagie.com\/de\/widerrufsrecht\/\" \/>\n<meta property=\"og:site_name\" content=\"bert plantagie Serviceshop\" \/>\n<meta property=\"article:modified_time\" content=\"2022-08-29T12:23:26+00:00\" \/>\n<meta name=\"twitter:card\" content=\"summary_large_image\" \/>\n<meta name=\"twitter:label1\" content=\"Gesch\u00e4tzte Lesezeit\" \/>\n\t<meta name=\"twitter:data1\" content=\"2\u00a0Minuten\" \/>\n<script type=\"application\/ld+json\" class=\"yoast-schema-graph\">{\"@context\":\"https:\/\/schema.org\",\"@graph\":[{\"@type\":\"WebPage\",\"@id\":\"https:\/\/shop.bertplantagie.com\/de\/widerrufsrecht\/\",\"url\":\"https:\/\/shop.bertplantagie.com\/de\/widerrufsrecht\/\",\"name\":\"Widerrufsrecht - bert plantagie Serviceshop\",\"isPartOf\":{\"@id\":\"https:\/\/bertshop.colijn-webshops.nl\/nl\/#website\"},\"datePublished\":\"2017-11-23T08:38:20+00:00\",\"dateModified\":\"2022-08-29T12:23:26+00:00\",\"breadcrumb\":{\"@id\":\"https:\/\/shop.bertplantagie.com\/de\/widerrufsrecht\/#breadcrumb\"},\"inLanguage\":\"de\",\"potentialAction\":[{\"@type\":\"ReadAction\",\"target\":[\"https:\/\/shop.bertplantagie.com\/de\/widerrufsrecht\/\"]}]},{\"@type\":\"BreadcrumbList\",\"@id\":\"https:\/\/shop.bertplantagie.com\/de\/widerrufsrecht\/#breadcrumb\",\"itemListElement\":[{\"@type\":\"ListItem\",\"position\":1,\"name\":\"Serviceshop\",\"item\":\"https:\/\/bertshop.colijn-webshops.nl\/de\/\"},{\"@type\":\"ListItem\",\"position\":2,\"name\":\"Widerrufsrecht\"}]},{\"@type\":\"WebSite\",\"@id\":\"https:\/\/bertshop.colijn-webshops.nl\/nl\/#website\",\"url\":\"https:\/\/bertshop.colijn-webshops.nl\/nl\/\",\"name\":\"bert plantagie Serviceshop\",\"description\":\"\",\"potentialAction\":[{\"@type\":\"SearchAction\",\"target\":{\"@type\":\"EntryPoint\",\"urlTemplate\":\"https:\/\/bertshop.colijn-webshops.nl\/nl\/?s={search_term_string}\"},\"query-input\":{\"@type\":\"PropertyValueSpecification\",\"valueRequired\":true,\"valueName\":\"search_term_string\"}}],\"inLanguage\":\"de\"}]}<\/script>\n<!-- \/ Yoast SEO plugin. -->","yoast_head_json":{"title":"Widerrufsrecht - bert plantagie Serviceshop","robots":{"index":"index","follow":"follow","max-snippet":"max-snippet:-1","max-image-preview":"max-image-preview:large","max-video-preview":"max-video-preview:-1"},"canonical":"https:\/\/shop.bertplantagie.com\/de\/widerrufsrecht\/","og_locale":"de_DE","og_type":"article","og_title":"Widerrufsrecht - bert plantagie Serviceshop","og_description":"[vc_row][vc_column][vc_custom_heading text=&#8220;Widerrufsrecht &#8220; font_container=&#8220;tag:h1|font_size:24px|text_align:left|color:%231c353c&#8220; google_fonts=&#8220;font_family:Roboto%3A100%2C100italic%2C300%2C300italic%2Cregular%2Citalic%2C500%2C500italic%2C700%2C700italic%2C900%2C900italic|font_style:700%20bold%20regular%3A700%3Anormal&#8220; el_class=&#8220;title&#8220;][vc_column_text css=&#8220;.vc_custom_1511426294758{margin-top: 20px !important;margin-bottom: 20px !important;}&#8220;]Als Onlineshop sind wir verpflichtet den Kunden \u00fcber das Widerrufsrecht zu informieren. Sie k\u00f6nnen Produkte, die Sie bei bert plantagie B.V. Online gekauft haben zur\u00fcckschicken oder umtauschen, wenn Sie die folgende Bedingungen erf\u00fcllen: &nbsp; Das Produkt ist nicht l\u00e4nger als 14 Tage in Ihrem Bezitz [&hellip;]","og_url":"https:\/\/shop.bertplantagie.com\/de\/widerrufsrecht\/","og_site_name":"bert plantagie Serviceshop","article_modified_time":"2022-08-29T12:23:26+00:00","twitter_card":"summary_large_image","twitter_misc":{"Gesch\u00e4tzte Lesezeit":"2\u00a0Minuten"},"schema":{"@context":"https:\/\/schema.org","@graph":[{"@type":"WebPage","@id":"https:\/\/shop.bertplantagie.com\/de\/widerrufsrecht\/","url":"https:\/\/shop.bertplantagie.com\/de\/widerrufsrecht\/","name":"Widerrufsrecht - bert plantagie Serviceshop","isPartOf":{"@id":"https:\/\/bertshop.colijn-webshops.nl\/nl\/#website"},"datePublished":"2017-11-23T08:38:20+00:00","dateModified":"2022-08-29T12:23:26+00:00","breadcrumb":{"@id":"https:\/\/shop.bertplantagie.com\/de\/widerrufsrecht\/#breadcrumb"},"inLanguage":"de","potentialAction":[{"@type":"ReadAction","target":["https:\/\/shop.bertplantagie.com\/de\/widerrufsrecht\/"]}]},{"@type":"BreadcrumbList","@id":"https:\/\/shop.bertplantagie.com\/de\/widerrufsrecht\/#breadcrumb","itemListElement":[{"@type":"ListItem","position":1,"name":"Serviceshop","item":"https:\/\/bertshop.colijn-webshops.nl\/de\/"},{"@type":"ListItem","position":2,"name":"Widerrufsrecht"}]},{"@type":"WebSite","@id":"https:\/\/bertshop.colijn-webshops.nl\/nl\/#website","url":"https:\/\/bertshop.colijn-webshops.nl\/nl\/","name":"bert plantagie Serviceshop","description":"","potentialAction":[{"@type":"SearchAction","target":{"@type":"EntryPoint","urlTemplate":"https:\/\/bertshop.colijn-webshops.nl\/nl\/?s={search_term_string}"},"query-input":{"@type":"PropertyValueSpecification","valueRequired":true,"valueName":"search_term_string"}}],"inLanguage":"de"}]}},"_links":{"self":[{"href":"https:\/\/shop.bertplantagie.com\/de\/wp-json\/wp\/v2\/pages\/10061","targetHints":{"allow":["GET"]}}],"collection":[{"href":"https:\/\/shop.bertplantagie.com\/de\/wp-json\/wp\/v2\/pages"}],"about":[{"href":"https:\/\/shop.bertplantagie.com\/de\/wp-json\/wp\/v2\/types\/page"}],"author":[{"embeddable":true,"href":"https:\/\/shop.bertplantagie.com\/de\/wp-json\/wp\/v2\/users\/6228"}],"replies":[{"embeddable":true,"href":"https:\/\/shop.bertplantagie.com\/de\/wp-json\/wp\/v2\/comments?post=10061"}],"version-history":[{"count":3,"href":"https:\/\/shop.bertplantagie.com\/de\/wp-json\/wp\/v2\/pages\/10061\/revisions"}],"predecessor-version":[{"id":16703,"href":"https:\/\/shop.bertplantagie.com\/de\/wp-json\/wp\/v2\/pages\/10061\/revisions\/16703"}],"wp:attachment":[{"href":"https:\/\/shop.bertplantagie.com\/de\/wp-json\/wp\/v2\/media?parent=10061"}],"curies":[{"name":"wp","href":"https:\/\/api.w.org\/{rel}","templated":true}]}}