{"id":10009,"date":"2017-11-13T15:54:57","date_gmt":"2017-11-13T14:54:57","guid":{"rendered":"http:\/\/serviceshop.bieron.nl\/winkel\/uncategorized\/4x-klemmschalengleiter-ab-bjt-mit-filz-viereckig\/"},"modified":"2022-07-13T10:38:28","modified_gmt":"2022-07-13T08:38:28","slug":"4x-klemmschalengleiter-ab-bjt-mit-filz-viereckig","status":"publish","type":"product","link":"https:\/\/shop.bertplantagie.com\/de\/winkel\/gleiter\/4x-klemmschalengleiter-ab-bjt-mit-filz-viereckig\/","title":{"rendered":"4x Klemmschalengleiter AB BJT mit Filz viereckig"},"content":{"rendered":"<p>Set bestehend aus 2x Klemmschalengleiter A mit Filz und 2x die Klemmschalengleiter B mit Filz, zu nutzen f\u00fcr einen Stuhl. Die Gleiter sind aus Kunststoff und haben eine Filz Finish unter dem Fu\u00df, so dass diese Gleiter gut f\u00fcr Oberfl\u00e4chen wie Parkett geeignet sind.<\/p>\n","protected":false},"excerpt":{"rendered":"<p>Set bestehend aus 2x Klemmschalengleiter A mit Filz und 2x die Klemmschalengleiter B mit Filz, zu nutzen f\u00fcr einen Stuhl. Die Gleiter sind aus Kunststoff und haben eine Filz Finish unter dem Fu\u00df, so dass diese Gleiter gut f\u00fcr Oberfl\u00e4chen wie Parkett geeignet sind.<\/p>\n","protected":false},"featured_media":9085,"template":"","meta":{"_acf_changed":false},"product_brand":[],"product_cat":[344],"product_tag":[],"class_list":{"0":"post-10009","1":"product","2":"type-product","3":"status-publish","4":"has-post-thumbnail","6":"product_cat-gleiter","7":"pa_levertijd-5-bis-9-arbeitstage","8":"pa_model-blake-freischwinger-de","9":"pa_model-joni-freischwinger-de","10":"pa_model-tara-freischwinger-de","11":"pa_ondergrond-estrich","12":"pa_ondergrond-laminat","13":"pa_ondergrond-linoleum-de","14":"pa_ondergrond-naturstein","15":"pa_ondergrond-steinfliesen-boden","16":"pa_onderstel-freischwinger-de","18":"first","19":"instock","20":"shipping-taxable","21":"purchasable","22":"product-type-simple"},"acf":[],"yoast_head":"<!-- This site is optimized with the Yoast SEO plugin v26.7 - https:\/\/yoast.com\/wordpress\/plugins\/seo\/ -->\n<title>4x Klemmschalengleiter AB BJT mit Filz viereckig - bert plantagie Serviceshop<\/title>\n<meta name=\"robots\" content=\"index, follow, max-snippet:-1, max-image-preview:large, max-video-preview:-1\" \/>\n<link rel=\"canonical\" href=\"https:\/\/shop.bertplantagie.com\/de\/winkel\/gleiter\/4x-klemmschalengleiter-ab-bjt-mit-filz-viereckig\/\" \/>\n<meta property=\"og:locale\" content=\"de_DE\" \/>\n<meta property=\"og:type\" content=\"article\" \/>\n<meta property=\"og:title\" content=\"4x Klemmschalengleiter AB BJT mit Filz viereckig - bert plantagie Serviceshop\" \/>\n<meta property=\"og:description\" content=\"Set bestehend aus 2x Klemmschalengleiter A mit Filz und 2x die Klemmschalengleiter B mit Filz, zu nutzen f\u00fcr einen Stuhl. Die Gleiter sind aus Kunststoff und haben eine Filz Finish unter dem Fu\u00df, so dass diese Gleiter gut f\u00fcr Oberfl\u00e4chen wie Parkett geeignet sind.\" \/>\n<meta property=\"og:url\" content=\"https:\/\/shop.bertplantagie.com\/de\/winkel\/gleiter\/4x-klemmschalengleiter-ab-bjt-mit-filz-viereckig\/\" \/>\n<meta property=\"og:site_name\" content=\"bert plantagie Serviceshop\" \/>\n<meta property=\"article:modified_time\" content=\"2022-07-13T08:38:28+00:00\" \/>\n<meta property=\"og:image\" content=\"https:\/\/bertshop.colijn-webshops.nl\/wp-content\/uploads\/sites\/4\/2017\/07\/Slededop-AB-vilt-1.jpg\" \/>\n\t<meta property=\"og:image:width\" content=\"682\" \/>\n\t<meta property=\"og:image:height\" content=\"438\" \/>\n\t<meta property=\"og:image:type\" content=\"image\/jpeg\" \/>\n<meta name=\"twitter:card\" content=\"summary_large_image\" \/>\n<meta name=\"twitter:label1\" content=\"Gesch\u00e4tzte Lesezeit\" \/>\n\t<meta name=\"twitter:data1\" content=\"1\u00a0Minute\" \/>\n<script type=\"application\/ld+json\" class=\"yoast-schema-graph\">{\"@context\":\"https:\/\/schema.org\",\"@graph\":[{\"@type\":\"WebPage\",\"@id\":\"https:\/\/shop.bertplantagie.com\/de\/winkel\/gleiter\/4x-klemmschalengleiter-ab-bjt-mit-filz-viereckig\/\",\"url\":\"https:\/\/shop.bertplantagie.com\/de\/winkel\/gleiter\/4x-klemmschalengleiter-ab-bjt-mit-filz-viereckig\/\",\"name\":\"4x Klemmschalengleiter AB BJT mit Filz viereckig - bert plantagie Serviceshop\",\"isPartOf\":{\"@id\":\"https:\/\/bertshop.colijn-webshops.nl\/nl\/#website\"},\"primaryImageOfPage\":{\"@id\":\"https:\/\/shop.bertplantagie.com\/de\/winkel\/gleiter\/4x-klemmschalengleiter-ab-bjt-mit-filz-viereckig\/#primaryimage\"},\"image\":{\"@id\":\"https:\/\/shop.bertplantagie.com\/de\/winkel\/gleiter\/4x-klemmschalengleiter-ab-bjt-mit-filz-viereckig\/#primaryimage\"},\"thumbnailUrl\":\"https:\/\/shop.bertplantagie.com\/wp-content\/uploads\/sites\/4\/2017\/07\/Slededop-AB-vilt-1.jpg\",\"datePublished\":\"2017-11-13T14:54:57+00:00\",\"dateModified\":\"2022-07-13T08:38:28+00:00\",\"breadcrumb\":{\"@id\":\"https:\/\/shop.bertplantagie.com\/de\/winkel\/gleiter\/4x-klemmschalengleiter-ab-bjt-mit-filz-viereckig\/#breadcrumb\"},\"inLanguage\":\"de\",\"potentialAction\":[{\"@type\":\"ReadAction\",\"target\":[\"https:\/\/shop.bertplantagie.com\/de\/winkel\/gleiter\/4x-klemmschalengleiter-ab-bjt-mit-filz-viereckig\/\"]}]},{\"@type\":\"ImageObject\",\"inLanguage\":\"de\",\"@id\":\"https:\/\/shop.bertplantagie.com\/de\/winkel\/gleiter\/4x-klemmschalengleiter-ab-bjt-mit-filz-viereckig\/#primaryimage\",\"url\":\"https:\/\/shop.bertplantagie.com\/wp-content\/uploads\/sites\/4\/2017\/07\/Slededop-AB-vilt-1.jpg\",\"contentUrl\":\"https:\/\/shop.bertplantagie.com\/wp-content\/uploads\/sites\/4\/2017\/07\/Slededop-AB-vilt-1.jpg\",\"width\":682,\"height\":438},{\"@type\":\"BreadcrumbList\",\"@id\":\"https:\/\/shop.bertplantagie.com\/de\/winkel\/gleiter\/4x-klemmschalengleiter-ab-bjt-mit-filz-viereckig\/#breadcrumb\",\"itemListElement\":[{\"@type\":\"ListItem\",\"position\":1,\"name\":\"Serviceshop\",\"item\":\"https:\/\/bertshop.colijn-webshops.nl\/de\/\"},{\"@type\":\"ListItem\",\"position\":2,\"name\":\"Shop\",\"item\":\"https:\/\/bertshop.colijn-webshops.nl\/de\/shop-2\/\"},{\"@type\":\"ListItem\",\"position\":3,\"name\":\"Gleiter\",\"item\":\"https:\/\/shop.bertplantagie.com\/de\/product-category\/gleiter\/\"},{\"@type\":\"ListItem\",\"position\":4,\"name\":\"4x Klemmschalengleiter AB BJT mit Filz viereckig\"}]},{\"@type\":\"WebSite\",\"@id\":\"https:\/\/bertshop.colijn-webshops.nl\/nl\/#website\",\"url\":\"https:\/\/bertshop.colijn-webshops.nl\/nl\/\",\"name\":\"bert plantagie Serviceshop\",\"description\":\"\",\"potentialAction\":[{\"@type\":\"SearchAction\",\"target\":{\"@type\":\"EntryPoint\",\"urlTemplate\":\"https:\/\/bertshop.colijn-webshops.nl\/nl\/?s={search_term_string}\"},\"query-input\":{\"@type\":\"PropertyValueSpecification\",\"valueRequired\":true,\"valueName\":\"search_term_string\"}}],\"inLanguage\":\"de\"}]}<\/script>\n<!-- \/ Yoast SEO plugin. -->","yoast_head_json":{"title":"4x Klemmschalengleiter AB BJT mit Filz viereckig - bert plantagie Serviceshop","robots":{"index":"index","follow":"follow","max-snippet":"max-snippet:-1","max-image-preview":"max-image-preview:large","max-video-preview":"max-video-preview:-1"},"canonical":"https:\/\/shop.bertplantagie.com\/de\/winkel\/gleiter\/4x-klemmschalengleiter-ab-bjt-mit-filz-viereckig\/","og_locale":"de_DE","og_type":"article","og_title":"4x Klemmschalengleiter AB BJT mit Filz viereckig - bert plantagie Serviceshop","og_description":"Set bestehend aus 2x Klemmschalengleiter A mit Filz und 2x die Klemmschalengleiter B mit Filz, zu nutzen f\u00fcr einen Stuhl. Die Gleiter sind aus Kunststoff und haben eine Filz Finish unter dem Fu\u00df, so dass diese Gleiter gut f\u00fcr Oberfl\u00e4chen wie Parkett geeignet sind.","og_url":"https:\/\/shop.bertplantagie.com\/de\/winkel\/gleiter\/4x-klemmschalengleiter-ab-bjt-mit-filz-viereckig\/","og_site_name":"bert plantagie Serviceshop","article_modified_time":"2022-07-13T08:38:28+00:00","og_image":[{"width":682,"height":438,"url":"https:\/\/bertshop.colijn-webshops.nl\/wp-content\/uploads\/sites\/4\/2017\/07\/Slededop-AB-vilt-1.jpg","type":"image\/jpeg"}],"twitter_card":"summary_large_image","twitter_misc":{"Gesch\u00e4tzte Lesezeit":"1\u00a0Minute"},"schema":{"@context":"https:\/\/schema.org","@graph":[{"@type":"WebPage","@id":"https:\/\/shop.bertplantagie.com\/de\/winkel\/gleiter\/4x-klemmschalengleiter-ab-bjt-mit-filz-viereckig\/","url":"https:\/\/shop.bertplantagie.com\/de\/winkel\/gleiter\/4x-klemmschalengleiter-ab-bjt-mit-filz-viereckig\/","name":"4x Klemmschalengleiter AB BJT mit Filz viereckig - bert plantagie Serviceshop","isPartOf":{"@id":"https:\/\/bertshop.colijn-webshops.nl\/nl\/#website"},"primaryImageOfPage":{"@id":"https:\/\/shop.bertplantagie.com\/de\/winkel\/gleiter\/4x-klemmschalengleiter-ab-bjt-mit-filz-viereckig\/#primaryimage"},"image":{"@id":"https:\/\/shop.bertplantagie.com\/de\/winkel\/gleiter\/4x-klemmschalengleiter-ab-bjt-mit-filz-viereckig\/#primaryimage"},"thumbnailUrl":"https:\/\/shop.bertplantagie.com\/wp-content\/uploads\/sites\/4\/2017\/07\/Slededop-AB-vilt-1.jpg","datePublished":"2017-11-13T14:54:57+00:00","dateModified":"2022-07-13T08:38:28+00:00","breadcrumb":{"@id":"https:\/\/shop.bertplantagie.com\/de\/winkel\/gleiter\/4x-klemmschalengleiter-ab-bjt-mit-filz-viereckig\/#breadcrumb"},"inLanguage":"de","potentialAction":[{"@type":"ReadAction","target":["https:\/\/shop.bertplantagie.com\/de\/winkel\/gleiter\/4x-klemmschalengleiter-ab-bjt-mit-filz-viereckig\/"]}]},{"@type":"ImageObject","inLanguage":"de","@id":"https:\/\/shop.bertplantagie.com\/de\/winkel\/gleiter\/4x-klemmschalengleiter-ab-bjt-mit-filz-viereckig\/#primaryimage","url":"https:\/\/shop.bertplantagie.com\/wp-content\/uploads\/sites\/4\/2017\/07\/Slededop-AB-vilt-1.jpg","contentUrl":"https:\/\/shop.bertplantagie.com\/wp-content\/uploads\/sites\/4\/2017\/07\/Slededop-AB-vilt-1.jpg","width":682,"height":438},{"@type":"BreadcrumbList","@id":"https:\/\/shop.bertplantagie.com\/de\/winkel\/gleiter\/4x-klemmschalengleiter-ab-bjt-mit-filz-viereckig\/#breadcrumb","itemListElement":[{"@type":"ListItem","position":1,"name":"Serviceshop","item":"https:\/\/bertshop.colijn-webshops.nl\/de\/"},{"@type":"ListItem","position":2,"name":"Shop","item":"https:\/\/bertshop.colijn-webshops.nl\/de\/shop-2\/"},{"@type":"ListItem","position":3,"name":"Gleiter","item":"https:\/\/shop.bertplantagie.com\/de\/product-category\/gleiter\/"},{"@type":"ListItem","position":4,"name":"4x Klemmschalengleiter AB BJT mit Filz viereckig"}]},{"@type":"WebSite","@id":"https:\/\/bertshop.colijn-webshops.nl\/nl\/#website","url":"https:\/\/bertshop.colijn-webshops.nl\/nl\/","name":"bert plantagie Serviceshop","description":"","potentialAction":[{"@type":"SearchAction","target":{"@type":"EntryPoint","urlTemplate":"https:\/\/bertshop.colijn-webshops.nl\/nl\/?s={search_term_string}"},"query-input":{"@type":"PropertyValueSpecification","valueRequired":true,"valueName":"search_term_string"}}],"inLanguage":"de"}]}},"_links":{"self":[{"href":"https:\/\/shop.bertplantagie.com\/de\/wp-json\/wp\/v2\/product\/10009","targetHints":{"allow":["GET"]}}],"collection":[{"href":"https:\/\/shop.bertplantagie.com\/de\/wp-json\/wp\/v2\/product"}],"about":[{"href":"https:\/\/shop.bertplantagie.com\/de\/wp-json\/wp\/v2\/types\/product"}],"wp:featuredmedia":[{"embeddable":true,"href":"https:\/\/shop.bertplantagie.com\/de\/wp-json\/wp\/v2\/media\/9085"}],"wp:attachment":[{"href":"https:\/\/shop.bertplantagie.com\/de\/wp-json\/wp\/v2\/media?parent=10009"}],"wp:term":[{"taxonomy":"product_brand","embeddable":true,"href":"https:\/\/shop.bertplantagie.com\/de\/wp-json\/wp\/v2\/product_brand?post=10009"},{"taxonomy":"product_cat","embeddable":true,"href":"https:\/\/shop.bertplantagie.com\/de\/wp-json\/wp\/v2\/product_cat?post=10009"},{"taxonomy":"product_tag","embeddable":true,"href":"https:\/\/shop.bertplantagie.com\/de\/wp-json\/wp\/v2\/product_tag?post=10009"}],"curies":[{"name":"wp","href":"https:\/\/api.w.org\/{rel}","templated":true}]}}