{"id":15565,"date":"2022-06-27T14:37:42","date_gmt":"2022-06-27T12:37:42","guid":{"rendered":"https:\/\/shop.bertplantagie.com\/winkel\/unkategorisiert\/houtstalen\/"},"modified":"2022-07-11T17:18:15","modified_gmt":"2022-07-11T15:18:15","slug":"houtstalen","status":"publish","type":"product","link":"https:\/\/shop.bertplantagie.com\/de\/winkel\/teile-tools\/houtstalen\/","title":{"rendered":"Holzmuster"},"content":{"rendered":"<p>Bestellen Sie hier Ihre Holzmuster aus den\/der bert plantagie Kollektion(en).<\/p>\n<p>Achtung: 1 Muster-Maximum pro Auftragseinheit<\/p>\n<p>Geben Sie vor dem Zahlungsverfahren bei der \u201corder Notes\u201d (Kommentare) genau an, welche Muster Sie erhalten m\u00f6chten (max. 1). Bitte beschreiben Sie diese nur so, wie sie in den \u00dcbersichten unten genannt sind, und \u00fcbernehmen Sie den Namen und die Nummer genau.<\/p>\n<p><a href=\"https:\/\/www.bertplantagie.com\/de\/materials\/holz\/\" target=\"_blank\" rel=\"noopener\">Holzmuster<\/a><\/p>\n<p>M\u00f6chten Sie mehr als 1 Proben erhalten? Dann legen Sie dieses Produkt nochmal in Ihren Warenkorb.<\/p>\n","protected":false},"excerpt":{"rendered":"<p>Bestellen Sie hier Ihre Holzmuster aus den\/der bert plantagie Kollektion(en). Achtung: 1 Muster-Maximum pro Auftragseinheit Geben Sie vor dem Zahlungsverfahren bei der \u201corder Notes\u201d (Kommentare) genau an, welche Muster Sie erhalten m\u00f6chten (max. 1). Bitte beschreiben Sie diese nur so, wie sie in den \u00dcbersichten unten genannt sind, und \u00fcbernehmen Sie den Namen und die [&hellip;]<\/p>\n","protected":false},"featured_media":15481,"template":"","meta":{"_acf_changed":false},"product_brand":[],"product_cat":[345],"product_tag":[],"class_list":{"0":"post-15565","1":"product","2":"type-product","3":"status-publish","4":"has-post-thumbnail","6":"product_cat-teile-tools","8":"first","9":"instock","10":"virtual","11":"purchasable","12":"product-type-simple"},"acf":[],"yoast_head":"<!-- This site is optimized with the Yoast SEO plugin v26.7 - https:\/\/yoast.com\/wordpress\/plugins\/seo\/ -->\n<title>Holzmuster - bert plantagie Serviceshop<\/title>\n<meta name=\"robots\" content=\"index, follow, max-snippet:-1, max-image-preview:large, max-video-preview:-1\" \/>\n<link rel=\"canonical\" href=\"https:\/\/shop.bertplantagie.com\/de\/winkel\/teile-tools\/houtstalen\/\" \/>\n<meta property=\"og:locale\" content=\"de_DE\" \/>\n<meta property=\"og:type\" content=\"article\" \/>\n<meta property=\"og:title\" content=\"Holzmuster - bert plantagie Serviceshop\" \/>\n<meta property=\"og:description\" content=\"Bestellen Sie hier Ihre Holzmuster aus den\/der bert plantagie Kollektion(en). Achtung: 1 Muster-Maximum pro Auftragseinheit Geben Sie vor dem Zahlungsverfahren bei der \u201corder Notes\u201d (Kommentare) genau an, welche Muster Sie erhalten m\u00f6chten (max. 1). Bitte beschreiben Sie diese nur so, wie sie in den \u00dcbersichten unten genannt sind, und \u00fcbernehmen Sie den Namen und die [&hellip;]\" \/>\n<meta property=\"og:url\" content=\"https:\/\/shop.bertplantagie.com\/de\/winkel\/teile-tools\/houtstalen\/\" \/>\n<meta property=\"og:site_name\" content=\"bert plantagie Serviceshop\" \/>\n<meta property=\"article:modified_time\" content=\"2022-07-11T15:18:15+00:00\" \/>\n<meta property=\"og:image\" content=\"https:\/\/bertshop.colijn-webshops.nl\/wp-content\/uploads\/sites\/4\/2022\/06\/houtstalen.jpg\" \/>\n\t<meta property=\"og:image:width\" content=\"480\" \/>\n\t<meta property=\"og:image:height\" content=\"480\" \/>\n\t<meta property=\"og:image:type\" content=\"image\/jpeg\" \/>\n<meta name=\"twitter:card\" content=\"summary_large_image\" \/>\n<meta name=\"twitter:label1\" content=\"Gesch\u00e4tzte Lesezeit\" \/>\n\t<meta name=\"twitter:data1\" content=\"1\u00a0Minute\" \/>\n<script type=\"application\/ld+json\" class=\"yoast-schema-graph\">{\"@context\":\"https:\/\/schema.org\",\"@graph\":[{\"@type\":\"WebPage\",\"@id\":\"https:\/\/shop.bertplantagie.com\/de\/winkel\/teile-tools\/houtstalen\/\",\"url\":\"https:\/\/shop.bertplantagie.com\/de\/winkel\/teile-tools\/houtstalen\/\",\"name\":\"Holzmuster - bert plantagie Serviceshop\",\"isPartOf\":{\"@id\":\"https:\/\/bertshop.colijn-webshops.nl\/nl\/#website\"},\"primaryImageOfPage\":{\"@id\":\"https:\/\/shop.bertplantagie.com\/de\/winkel\/teile-tools\/houtstalen\/#primaryimage\"},\"image\":{\"@id\":\"https:\/\/shop.bertplantagie.com\/de\/winkel\/teile-tools\/houtstalen\/#primaryimage\"},\"thumbnailUrl\":\"https:\/\/shop.bertplantagie.com\/wp-content\/uploads\/sites\/4\/2022\/06\/houtstalen.jpg\",\"datePublished\":\"2022-06-27T12:37:42+00:00\",\"dateModified\":\"2022-07-11T15:18:15+00:00\",\"breadcrumb\":{\"@id\":\"https:\/\/shop.bertplantagie.com\/de\/winkel\/teile-tools\/houtstalen\/#breadcrumb\"},\"inLanguage\":\"de\",\"potentialAction\":[{\"@type\":\"ReadAction\",\"target\":[\"https:\/\/shop.bertplantagie.com\/de\/winkel\/teile-tools\/houtstalen\/\"]}]},{\"@type\":\"ImageObject\",\"inLanguage\":\"de\",\"@id\":\"https:\/\/shop.bertplantagie.com\/de\/winkel\/teile-tools\/houtstalen\/#primaryimage\",\"url\":\"https:\/\/shop.bertplantagie.com\/wp-content\/uploads\/sites\/4\/2022\/06\/houtstalen.jpg\",\"contentUrl\":\"https:\/\/shop.bertplantagie.com\/wp-content\/uploads\/sites\/4\/2022\/06\/houtstalen.jpg\",\"width\":480,\"height\":480},{\"@type\":\"BreadcrumbList\",\"@id\":\"https:\/\/shop.bertplantagie.com\/de\/winkel\/teile-tools\/houtstalen\/#breadcrumb\",\"itemListElement\":[{\"@type\":\"ListItem\",\"position\":1,\"name\":\"Serviceshop\",\"item\":\"https:\/\/bertshop.colijn-webshops.nl\/de\/\"},{\"@type\":\"ListItem\",\"position\":2,\"name\":\"Shop\",\"item\":\"https:\/\/bertshop.colijn-webshops.nl\/de\/shop-2\/\"},{\"@type\":\"ListItem\",\"position\":3,\"name\":\"Teile &amp; Tools\",\"item\":\"https:\/\/shop.bertplantagie.com\/de\/product-category\/teile-tools\/\"},{\"@type\":\"ListItem\",\"position\":4,\"name\":\"Holzmuster\"}]},{\"@type\":\"WebSite\",\"@id\":\"https:\/\/bertshop.colijn-webshops.nl\/nl\/#website\",\"url\":\"https:\/\/bertshop.colijn-webshops.nl\/nl\/\",\"name\":\"bert plantagie Serviceshop\",\"description\":\"\",\"potentialAction\":[{\"@type\":\"SearchAction\",\"target\":{\"@type\":\"EntryPoint\",\"urlTemplate\":\"https:\/\/bertshop.colijn-webshops.nl\/nl\/?s={search_term_string}\"},\"query-input\":{\"@type\":\"PropertyValueSpecification\",\"valueRequired\":true,\"valueName\":\"search_term_string\"}}],\"inLanguage\":\"de\"}]}<\/script>\n<!-- \/ Yoast SEO plugin. -->","yoast_head_json":{"title":"Holzmuster - bert plantagie Serviceshop","robots":{"index":"index","follow":"follow","max-snippet":"max-snippet:-1","max-image-preview":"max-image-preview:large","max-video-preview":"max-video-preview:-1"},"canonical":"https:\/\/shop.bertplantagie.com\/de\/winkel\/teile-tools\/houtstalen\/","og_locale":"de_DE","og_type":"article","og_title":"Holzmuster - bert plantagie Serviceshop","og_description":"Bestellen Sie hier Ihre Holzmuster aus den\/der bert plantagie Kollektion(en). Achtung: 1 Muster-Maximum pro Auftragseinheit Geben Sie vor dem Zahlungsverfahren bei der \u201corder Notes\u201d (Kommentare) genau an, welche Muster Sie erhalten m\u00f6chten (max. 1). Bitte beschreiben Sie diese nur so, wie sie in den \u00dcbersichten unten genannt sind, und \u00fcbernehmen Sie den Namen und die [&hellip;]","og_url":"https:\/\/shop.bertplantagie.com\/de\/winkel\/teile-tools\/houtstalen\/","og_site_name":"bert plantagie Serviceshop","article_modified_time":"2022-07-11T15:18:15+00:00","og_image":[{"width":480,"height":480,"url":"https:\/\/bertshop.colijn-webshops.nl\/wp-content\/uploads\/sites\/4\/2022\/06\/houtstalen.jpg","type":"image\/jpeg"}],"twitter_card":"summary_large_image","twitter_misc":{"Gesch\u00e4tzte Lesezeit":"1\u00a0Minute"},"schema":{"@context":"https:\/\/schema.org","@graph":[{"@type":"WebPage","@id":"https:\/\/shop.bertplantagie.com\/de\/winkel\/teile-tools\/houtstalen\/","url":"https:\/\/shop.bertplantagie.com\/de\/winkel\/teile-tools\/houtstalen\/","name":"Holzmuster - bert plantagie Serviceshop","isPartOf":{"@id":"https:\/\/bertshop.colijn-webshops.nl\/nl\/#website"},"primaryImageOfPage":{"@id":"https:\/\/shop.bertplantagie.com\/de\/winkel\/teile-tools\/houtstalen\/#primaryimage"},"image":{"@id":"https:\/\/shop.bertplantagie.com\/de\/winkel\/teile-tools\/houtstalen\/#primaryimage"},"thumbnailUrl":"https:\/\/shop.bertplantagie.com\/wp-content\/uploads\/sites\/4\/2022\/06\/houtstalen.jpg","datePublished":"2022-06-27T12:37:42+00:00","dateModified":"2022-07-11T15:18:15+00:00","breadcrumb":{"@id":"https:\/\/shop.bertplantagie.com\/de\/winkel\/teile-tools\/houtstalen\/#breadcrumb"},"inLanguage":"de","potentialAction":[{"@type":"ReadAction","target":["https:\/\/shop.bertplantagie.com\/de\/winkel\/teile-tools\/houtstalen\/"]}]},{"@type":"ImageObject","inLanguage":"de","@id":"https:\/\/shop.bertplantagie.com\/de\/winkel\/teile-tools\/houtstalen\/#primaryimage","url":"https:\/\/shop.bertplantagie.com\/wp-content\/uploads\/sites\/4\/2022\/06\/houtstalen.jpg","contentUrl":"https:\/\/shop.bertplantagie.com\/wp-content\/uploads\/sites\/4\/2022\/06\/houtstalen.jpg","width":480,"height":480},{"@type":"BreadcrumbList","@id":"https:\/\/shop.bertplantagie.com\/de\/winkel\/teile-tools\/houtstalen\/#breadcrumb","itemListElement":[{"@type":"ListItem","position":1,"name":"Serviceshop","item":"https:\/\/bertshop.colijn-webshops.nl\/de\/"},{"@type":"ListItem","position":2,"name":"Shop","item":"https:\/\/bertshop.colijn-webshops.nl\/de\/shop-2\/"},{"@type":"ListItem","position":3,"name":"Teile &amp; Tools","item":"https:\/\/shop.bertplantagie.com\/de\/product-category\/teile-tools\/"},{"@type":"ListItem","position":4,"name":"Holzmuster"}]},{"@type":"WebSite","@id":"https:\/\/bertshop.colijn-webshops.nl\/nl\/#website","url":"https:\/\/bertshop.colijn-webshops.nl\/nl\/","name":"bert plantagie Serviceshop","description":"","potentialAction":[{"@type":"SearchAction","target":{"@type":"EntryPoint","urlTemplate":"https:\/\/bertshop.colijn-webshops.nl\/nl\/?s={search_term_string}"},"query-input":{"@type":"PropertyValueSpecification","valueRequired":true,"valueName":"search_term_string"}}],"inLanguage":"de"}]}},"_links":{"self":[{"href":"https:\/\/shop.bertplantagie.com\/de\/wp-json\/wp\/v2\/product\/15565","targetHints":{"allow":["GET"]}}],"collection":[{"href":"https:\/\/shop.bertplantagie.com\/de\/wp-json\/wp\/v2\/product"}],"about":[{"href":"https:\/\/shop.bertplantagie.com\/de\/wp-json\/wp\/v2\/types\/product"}],"wp:featuredmedia":[{"embeddable":true,"href":"https:\/\/shop.bertplantagie.com\/de\/wp-json\/wp\/v2\/media\/15481"}],"wp:attachment":[{"href":"https:\/\/shop.bertplantagie.com\/de\/wp-json\/wp\/v2\/media?parent=15565"}],"wp:term":[{"taxonomy":"product_brand","embeddable":true,"href":"https:\/\/shop.bertplantagie.com\/de\/wp-json\/wp\/v2\/product_brand?post=15565"},{"taxonomy":"product_cat","embeddable":true,"href":"https:\/\/shop.bertplantagie.com\/de\/wp-json\/wp\/v2\/product_cat?post=15565"},{"taxonomy":"product_tag","embeddable":true,"href":"https:\/\/shop.bertplantagie.com\/de\/wp-json\/wp\/v2\/product_tag?post=15565"}],"curies":[{"name":"wp","href":"https:\/\/api.w.org\/{rel}","templated":true}]}}