{"id":16880,"date":"2017-06-30T12:56:57","date_gmt":"2017-06-30T10:56:57","guid":{"rendered":"https:\/\/shop.bertplantagie.com\/winkel\/unkategorisiert\/4x-klemmschalengleiter-ef-rundrohr-mit-filz\/"},"modified":"2025-10-22T15:10:20","modified_gmt":"2025-10-22T13:10:20","slug":"4x-klemmschalengleiter-ef-rundrohr-mit-filz","status":"publish","type":"product","link":"https:\/\/shop.bertplantagie.com\/de\/winkel\/gleiter\/4x-klemmschalengleiter-ef-rundrohr-mit-filz\/","title":{"rendered":"4X KLEMMSCHALENGLEITER EF RUNDROHR MIT FILZ"},"content":{"rendered":"","protected":false},"excerpt":{"rendered":"<p>Gleiter Filz f\u00fcr rundes Bein mit einem Durchmesser von \u00f8 14.<\/p>\n<p>Auch in schwarz erh\u00e4ltlich: 9,00 \u20ac pro 4 St\u00fcck (Setpreis)<\/p>\n","protected":false},"featured_media":18858,"template":"","meta":{"_acf_changed":false},"product_brand":[],"product_cat":[344],"product_tag":[],"class_list":{"0":"post-16880","1":"product","2":"type-product","3":"status-publish","4":"has-post-thumbnail","6":"product_cat-gleiter","7":"pa_levertijd-5-bis-9-arbeitstage","8":"pa_model-blake-schlitten","9":"pa_model-joni-schlitten","10":"pa_model-kiko-bank-de","11":"pa_model-kiko-fauteuil-de","12":"pa_model-skyler-bank-de","13":"pa_model-tara-de","14":"pa_ondergrond-estrich","15":"pa_ondergrond-kiesboden","16":"pa_ondergrond-laminat","17":"pa_ondergrond-linoleum-de","18":"pa_ondergrond-naturstein","19":"pa_ondergrond-steinfliesen-boden","21":"first","22":"instock","23":"shipping-taxable","24":"purchasable","25":"product-type-variable"},"acf":[],"yoast_head":"<!-- This site is optimized with the Yoast SEO plugin v26.7 - https:\/\/yoast.com\/wordpress\/plugins\/seo\/ -->\n<title>4X KLEMMSCHALENGLEITER EF RUNDROHR MIT FILZ - bert plantagie Serviceshop<\/title>\n<meta name=\"robots\" content=\"index, follow, max-snippet:-1, max-image-preview:large, max-video-preview:-1\" \/>\n<link rel=\"canonical\" href=\"https:\/\/shop.bertplantagie.com\/de\/winkel\/gleiter\/4x-klemmschalengleiter-ef-rundrohr-mit-filz\/\" \/>\n<meta property=\"og:locale\" content=\"de_DE\" \/>\n<meta property=\"og:type\" content=\"article\" \/>\n<meta property=\"og:title\" content=\"4X KLEMMSCHALENGLEITER EF RUNDROHR MIT FILZ - bert plantagie Serviceshop\" \/>\n<meta property=\"og:description\" content=\"Gleiter Filz f\u00fcr rundes Bein mit einem Durchmesser von \u00f8 14.  Auch in schwarz erh\u00e4ltlich: 9,00 \u20ac pro 4 St\u00fcck (Setpreis)\" \/>\n<meta property=\"og:url\" content=\"https:\/\/shop.bertplantagie.com\/de\/winkel\/gleiter\/4x-klemmschalengleiter-ef-rundrohr-mit-filz\/\" \/>\n<meta property=\"og:site_name\" content=\"bert plantagie Serviceshop\" \/>\n<meta property=\"article:modified_time\" content=\"2025-10-22T13:10:20+00:00\" \/>\n<meta property=\"og:image\" content=\"https:\/\/bertshop.colijn-webshops.nl\/wp-content\/uploads\/sites\/4\/2017\/06\/Serviceshop-slededop-met-vilt-voor-rond-14-1-2.jpg\" \/>\n\t<meta property=\"og:image:width\" content=\"600\" \/>\n\t<meta property=\"og:image:height\" content=\"424\" \/>\n\t<meta property=\"og:image:type\" content=\"image\/jpeg\" \/>\n<meta name=\"twitter:card\" content=\"summary_large_image\" \/>\n<script type=\"application\/ld+json\" class=\"yoast-schema-graph\">{\"@context\":\"https:\/\/schema.org\",\"@graph\":[{\"@type\":\"WebPage\",\"@id\":\"https:\/\/shop.bertplantagie.com\/de\/winkel\/gleiter\/4x-klemmschalengleiter-ef-rundrohr-mit-filz\/\",\"url\":\"https:\/\/shop.bertplantagie.com\/de\/winkel\/gleiter\/4x-klemmschalengleiter-ef-rundrohr-mit-filz\/\",\"name\":\"4X KLEMMSCHALENGLEITER EF RUNDROHR MIT FILZ - bert plantagie Serviceshop\",\"isPartOf\":{\"@id\":\"https:\/\/bertshop.colijn-webshops.nl\/nl\/#website\"},\"primaryImageOfPage\":{\"@id\":\"https:\/\/shop.bertplantagie.com\/de\/winkel\/gleiter\/4x-klemmschalengleiter-ef-rundrohr-mit-filz\/#primaryimage\"},\"image\":{\"@id\":\"https:\/\/shop.bertplantagie.com\/de\/winkel\/gleiter\/4x-klemmschalengleiter-ef-rundrohr-mit-filz\/#primaryimage\"},\"thumbnailUrl\":\"https:\/\/shop.bertplantagie.com\/wp-content\/uploads\/sites\/4\/2017\/06\/Serviceshop-slededop-met-vilt-voor-rond-14-1-2.jpg\",\"datePublished\":\"2017-06-30T10:56:57+00:00\",\"dateModified\":\"2025-10-22T13:10:20+00:00\",\"breadcrumb\":{\"@id\":\"https:\/\/shop.bertplantagie.com\/de\/winkel\/gleiter\/4x-klemmschalengleiter-ef-rundrohr-mit-filz\/#breadcrumb\"},\"inLanguage\":\"de\",\"potentialAction\":[{\"@type\":\"ReadAction\",\"target\":[\"https:\/\/shop.bertplantagie.com\/de\/winkel\/gleiter\/4x-klemmschalengleiter-ef-rundrohr-mit-filz\/\"]}]},{\"@type\":\"ImageObject\",\"inLanguage\":\"de\",\"@id\":\"https:\/\/shop.bertplantagie.com\/de\/winkel\/gleiter\/4x-klemmschalengleiter-ef-rundrohr-mit-filz\/#primaryimage\",\"url\":\"https:\/\/shop.bertplantagie.com\/wp-content\/uploads\/sites\/4\/2017\/06\/Serviceshop-slededop-met-vilt-voor-rond-14-1-2.jpg\",\"contentUrl\":\"https:\/\/shop.bertplantagie.com\/wp-content\/uploads\/sites\/4\/2017\/06\/Serviceshop-slededop-met-vilt-voor-rond-14-1-2.jpg\",\"width\":600,\"height\":424},{\"@type\":\"BreadcrumbList\",\"@id\":\"https:\/\/shop.bertplantagie.com\/de\/winkel\/gleiter\/4x-klemmschalengleiter-ef-rundrohr-mit-filz\/#breadcrumb\",\"itemListElement\":[{\"@type\":\"ListItem\",\"position\":1,\"name\":\"Serviceshop\",\"item\":\"https:\/\/bertshop.colijn-webshops.nl\/de\/\"},{\"@type\":\"ListItem\",\"position\":2,\"name\":\"Shop\",\"item\":\"https:\/\/bertshop.colijn-webshops.nl\/de\/shop-2\/\"},{\"@type\":\"ListItem\",\"position\":3,\"name\":\"Gleiter\",\"item\":\"https:\/\/shop.bertplantagie.com\/de\/product-category\/gleiter\/\"},{\"@type\":\"ListItem\",\"position\":4,\"name\":\"4X KLEMMSCHALENGLEITER EF RUNDROHR MIT FILZ\"}]},{\"@type\":\"WebSite\",\"@id\":\"https:\/\/bertshop.colijn-webshops.nl\/nl\/#website\",\"url\":\"https:\/\/bertshop.colijn-webshops.nl\/nl\/\",\"name\":\"bert plantagie Serviceshop\",\"description\":\"\",\"potentialAction\":[{\"@type\":\"SearchAction\",\"target\":{\"@type\":\"EntryPoint\",\"urlTemplate\":\"https:\/\/bertshop.colijn-webshops.nl\/nl\/?s={search_term_string}\"},\"query-input\":{\"@type\":\"PropertyValueSpecification\",\"valueRequired\":true,\"valueName\":\"search_term_string\"}}],\"inLanguage\":\"de\"}]}<\/script>\n<!-- \/ Yoast SEO plugin. -->","yoast_head_json":{"title":"4X KLEMMSCHALENGLEITER EF RUNDROHR MIT FILZ - bert plantagie Serviceshop","robots":{"index":"index","follow":"follow","max-snippet":"max-snippet:-1","max-image-preview":"max-image-preview:large","max-video-preview":"max-video-preview:-1"},"canonical":"https:\/\/shop.bertplantagie.com\/de\/winkel\/gleiter\/4x-klemmschalengleiter-ef-rundrohr-mit-filz\/","og_locale":"de_DE","og_type":"article","og_title":"4X KLEMMSCHALENGLEITER EF RUNDROHR MIT FILZ - bert plantagie Serviceshop","og_description":"Gleiter Filz f\u00fcr rundes Bein mit einem Durchmesser von \u00f8 14.  Auch in schwarz erh\u00e4ltlich: 9,00 \u20ac pro 4 St\u00fcck (Setpreis)","og_url":"https:\/\/shop.bertplantagie.com\/de\/winkel\/gleiter\/4x-klemmschalengleiter-ef-rundrohr-mit-filz\/","og_site_name":"bert plantagie Serviceshop","article_modified_time":"2025-10-22T13:10:20+00:00","og_image":[{"width":600,"height":424,"url":"https:\/\/bertshop.colijn-webshops.nl\/wp-content\/uploads\/sites\/4\/2017\/06\/Serviceshop-slededop-met-vilt-voor-rond-14-1-2.jpg","type":"image\/jpeg"}],"twitter_card":"summary_large_image","schema":{"@context":"https:\/\/schema.org","@graph":[{"@type":"WebPage","@id":"https:\/\/shop.bertplantagie.com\/de\/winkel\/gleiter\/4x-klemmschalengleiter-ef-rundrohr-mit-filz\/","url":"https:\/\/shop.bertplantagie.com\/de\/winkel\/gleiter\/4x-klemmschalengleiter-ef-rundrohr-mit-filz\/","name":"4X KLEMMSCHALENGLEITER EF RUNDROHR MIT FILZ - bert plantagie Serviceshop","isPartOf":{"@id":"https:\/\/bertshop.colijn-webshops.nl\/nl\/#website"},"primaryImageOfPage":{"@id":"https:\/\/shop.bertplantagie.com\/de\/winkel\/gleiter\/4x-klemmschalengleiter-ef-rundrohr-mit-filz\/#primaryimage"},"image":{"@id":"https:\/\/shop.bertplantagie.com\/de\/winkel\/gleiter\/4x-klemmschalengleiter-ef-rundrohr-mit-filz\/#primaryimage"},"thumbnailUrl":"https:\/\/shop.bertplantagie.com\/wp-content\/uploads\/sites\/4\/2017\/06\/Serviceshop-slededop-met-vilt-voor-rond-14-1-2.jpg","datePublished":"2017-06-30T10:56:57+00:00","dateModified":"2025-10-22T13:10:20+00:00","breadcrumb":{"@id":"https:\/\/shop.bertplantagie.com\/de\/winkel\/gleiter\/4x-klemmschalengleiter-ef-rundrohr-mit-filz\/#breadcrumb"},"inLanguage":"de","potentialAction":[{"@type":"ReadAction","target":["https:\/\/shop.bertplantagie.com\/de\/winkel\/gleiter\/4x-klemmschalengleiter-ef-rundrohr-mit-filz\/"]}]},{"@type":"ImageObject","inLanguage":"de","@id":"https:\/\/shop.bertplantagie.com\/de\/winkel\/gleiter\/4x-klemmschalengleiter-ef-rundrohr-mit-filz\/#primaryimage","url":"https:\/\/shop.bertplantagie.com\/wp-content\/uploads\/sites\/4\/2017\/06\/Serviceshop-slededop-met-vilt-voor-rond-14-1-2.jpg","contentUrl":"https:\/\/shop.bertplantagie.com\/wp-content\/uploads\/sites\/4\/2017\/06\/Serviceshop-slededop-met-vilt-voor-rond-14-1-2.jpg","width":600,"height":424},{"@type":"BreadcrumbList","@id":"https:\/\/shop.bertplantagie.com\/de\/winkel\/gleiter\/4x-klemmschalengleiter-ef-rundrohr-mit-filz\/#breadcrumb","itemListElement":[{"@type":"ListItem","position":1,"name":"Serviceshop","item":"https:\/\/bertshop.colijn-webshops.nl\/de\/"},{"@type":"ListItem","position":2,"name":"Shop","item":"https:\/\/bertshop.colijn-webshops.nl\/de\/shop-2\/"},{"@type":"ListItem","position":3,"name":"Gleiter","item":"https:\/\/shop.bertplantagie.com\/de\/product-category\/gleiter\/"},{"@type":"ListItem","position":4,"name":"4X KLEMMSCHALENGLEITER EF RUNDROHR MIT FILZ"}]},{"@type":"WebSite","@id":"https:\/\/bertshop.colijn-webshops.nl\/nl\/#website","url":"https:\/\/bertshop.colijn-webshops.nl\/nl\/","name":"bert plantagie Serviceshop","description":"","potentialAction":[{"@type":"SearchAction","target":{"@type":"EntryPoint","urlTemplate":"https:\/\/bertshop.colijn-webshops.nl\/nl\/?s={search_term_string}"},"query-input":{"@type":"PropertyValueSpecification","valueRequired":true,"valueName":"search_term_string"}}],"inLanguage":"de"}]}},"_links":{"self":[{"href":"https:\/\/shop.bertplantagie.com\/de\/wp-json\/wp\/v2\/product\/16880","targetHints":{"allow":["GET"]}}],"collection":[{"href":"https:\/\/shop.bertplantagie.com\/de\/wp-json\/wp\/v2\/product"}],"about":[{"href":"https:\/\/shop.bertplantagie.com\/de\/wp-json\/wp\/v2\/types\/product"}],"wp:featuredmedia":[{"embeddable":true,"href":"https:\/\/shop.bertplantagie.com\/de\/wp-json\/wp\/v2\/media\/18858"}],"wp:attachment":[{"href":"https:\/\/shop.bertplantagie.com\/de\/wp-json\/wp\/v2\/media?parent=16880"}],"wp:term":[{"taxonomy":"product_brand","embeddable":true,"href":"https:\/\/shop.bertplantagie.com\/de\/wp-json\/wp\/v2\/product_brand?post=16880"},{"taxonomy":"product_cat","embeddable":true,"href":"https:\/\/shop.bertplantagie.com\/de\/wp-json\/wp\/v2\/product_cat?post=16880"},{"taxonomy":"product_tag","embeddable":true,"href":"https:\/\/shop.bertplantagie.com\/de\/wp-json\/wp\/v2\/product_tag?post=16880"}],"curies":[{"name":"wp","href":"https:\/\/api.w.org\/{rel}","templated":true}]}}