{"id":9508,"date":"2017-06-30T14:11:39","date_gmt":"2017-06-30T12:11:39","guid":{"rendered":"http:\/\/serviceshop.bieron.nl\/winkel\/uncategorized\/strukturol-2-30vk-weiss-40\/"},"modified":"2024-10-08T08:58:15","modified_gmt":"2024-10-08T06:58:15","slug":"strukturol-2-30vk-weiss-40","status":"publish","type":"product","link":"https:\/\/shop.bertplantagie.com\/de\/winkel\/pflege\/strukturol-2-30vk-weiss-40\/","title":{"rendered":"Struktur\u00f6l 2-30VK wei\u00df 40"},"content":{"rendered":"","protected":false},"excerpt":{"rendered":"<p><strong>&#8211;Bitte beachten Sie vor\u00fcbergehend eine andere Verpackung&#8211;<\/strong><em><br \/>\n<\/br><br \/>\nPreis pro Liter: \u20ac 158,80 Geeignet f\u00fcr blondes \u00d6l und Eiche Chalk \u00d6l. F\u00fcr die t\u00e4gliche Pflege mit einem leicht feuchten Tuch abnehmen und trocken nachwischen. Je nach Bedarf k\u00f6nnen Sie das Pflegeprodukt 2-30VK wei\u00df 40 (inkl. Scheuerschw\u00e4mmchen und Tuch) verwenden.<\/p>\n<ul>\n<li>Reiben Sie das M\u00f6belst\u00fcck mit dem mitgelieferten Scheuermaterial in Faserrichtung leicht auf.<\/li>\n<li>Entfernen Sie Stoffreste mit einem sauberen trockenen Tuch.<\/li>\n<li>Verteilen Sie das \u00d6l gleichm\u00e4\u00dfig mit dem mitgelieferten Reinigungstuch.<\/li>\n<li>Lassen Sie das \u00d6l 5 Minuten einziehen und nehmen Sie danach das \u00fcbersch\u00fcssige \u00d6l mit einem saubeeren Tuch ab.<\/li>\n<li>Sorgen Sie daf\u00fcr, dass sich keine sichtbaren \u00d6lreste mehr auf dem Tisch befinden.<\/li>\n<li>Nach 24 Stunden ist Ihr M\u00f6belst\u00fcck wieder einsatzbereit.<\/li>\n<\/ul>\n","protected":false},"featured_media":8795,"template":"","meta":{"_acf_changed":false},"product_brand":[],"product_cat":[346],"product_tag":[],"class_list":{"0":"post-9508","1":"product","2":"type-product","3":"status-publish","4":"has-post-thumbnail","6":"product_cat-pflege","7":"pa_inhoud-250ml-de","8":"pa_levertijd-5-bis-9-arbeitstage","10":"first","11":"instock","12":"shipping-taxable","13":"purchasable","14":"product-type-simple"},"acf":[],"yoast_head":"<!-- This site is optimized with the Yoast SEO plugin v26.7 - https:\/\/yoast.com\/wordpress\/plugins\/seo\/ -->\n<title>Struktur\u00f6l 2-30VK wei\u00df 40 - bert plantagie Serviceshop<\/title>\n<meta name=\"robots\" content=\"index, follow, max-snippet:-1, max-image-preview:large, max-video-preview:-1\" \/>\n<link rel=\"canonical\" href=\"https:\/\/shop.bertplantagie.com\/de\/winkel\/pflege\/strukturol-2-30vk-weiss-40\/\" \/>\n<meta property=\"og:locale\" content=\"de_DE\" \/>\n<meta property=\"og:type\" content=\"article\" \/>\n<meta property=\"og:title\" content=\"Struktur\u00f6l 2-30VK wei\u00df 40 - bert plantagie Serviceshop\" \/>\n<meta property=\"og:description\" content=\"--Bitte beachten Sie vor\u00fcbergehend eine andere Verpackung--  Preis pro Liter: \u20ac 158,80 Geeignet f\u00fcr blondes \u00d6l und Eiche Chalk \u00d6l. F\u00fcr die t\u00e4gliche Pflege mit einem leicht feuchten Tuch abnehmen und trocken nachwischen. Je nach Bedarf k\u00f6nnen Sie das Pflegeprodukt 2-30VK wei\u00df 40 (inkl. Scheuerschw\u00e4mmchen und Tuch) verwenden.   Reiben Sie das M\u00f6belst\u00fcck mit dem mitgelieferten Scheuermaterial in Faserrichtung leicht auf.  Entfernen Sie Stoffreste mit einem sauberen trockenen Tuch.  Verteilen Sie das \u00d6l gleichm\u00e4\u00dfig mit dem mitgelieferten Reinigungstuch.  Lassen Sie das \u00d6l 5 Minuten einziehen und nehmen Sie danach das \u00fcbersch\u00fcssige \u00d6l mit einem saubeeren Tuch ab.  Sorgen Sie daf\u00fcr, dass sich keine sichtbaren \u00d6lreste mehr auf dem Tisch befinden.  Nach 24 Stunden ist Ihr M\u00f6belst\u00fcck wieder einsatzbereit.\" \/>\n<meta property=\"og:url\" content=\"https:\/\/shop.bertplantagie.com\/de\/winkel\/pflege\/strukturol-2-30vk-weiss-40\/\" \/>\n<meta property=\"og:site_name\" content=\"bert plantagie Serviceshop\" \/>\n<meta property=\"article:modified_time\" content=\"2024-10-08T06:58:15+00:00\" \/>\n<meta property=\"og:image\" content=\"https:\/\/bertshop.colijn-webshops.nl\/wp-content\/uploads\/sites\/4\/2017\/06\/structuurolie-2-30vk.jpg\" \/>\n\t<meta property=\"og:image:width\" content=\"620\" \/>\n\t<meta property=\"og:image:height\" content=\"438\" \/>\n\t<meta property=\"og:image:type\" content=\"image\/jpeg\" \/>\n<meta name=\"twitter:card\" content=\"summary_large_image\" \/>\n<script type=\"application\/ld+json\" class=\"yoast-schema-graph\">{\"@context\":\"https:\/\/schema.org\",\"@graph\":[{\"@type\":\"WebPage\",\"@id\":\"https:\/\/shop.bertplantagie.com\/de\/winkel\/pflege\/strukturol-2-30vk-weiss-40\/\",\"url\":\"https:\/\/shop.bertplantagie.com\/de\/winkel\/pflege\/strukturol-2-30vk-weiss-40\/\",\"name\":\"Struktur\u00f6l 2-30VK wei\u00df 40 - bert plantagie Serviceshop\",\"isPartOf\":{\"@id\":\"https:\/\/bertshop.colijn-webshops.nl\/nl\/#website\"},\"primaryImageOfPage\":{\"@id\":\"https:\/\/shop.bertplantagie.com\/de\/winkel\/pflege\/strukturol-2-30vk-weiss-40\/#primaryimage\"},\"image\":{\"@id\":\"https:\/\/shop.bertplantagie.com\/de\/winkel\/pflege\/strukturol-2-30vk-weiss-40\/#primaryimage\"},\"thumbnailUrl\":\"https:\/\/shop.bertplantagie.com\/wp-content\/uploads\/sites\/4\/2017\/06\/structuurolie-2-30vk.jpg\",\"datePublished\":\"2017-06-30T12:11:39+00:00\",\"dateModified\":\"2024-10-08T06:58:15+00:00\",\"breadcrumb\":{\"@id\":\"https:\/\/shop.bertplantagie.com\/de\/winkel\/pflege\/strukturol-2-30vk-weiss-40\/#breadcrumb\"},\"inLanguage\":\"de\",\"potentialAction\":[{\"@type\":\"ReadAction\",\"target\":[\"https:\/\/shop.bertplantagie.com\/de\/winkel\/pflege\/strukturol-2-30vk-weiss-40\/\"]}]},{\"@type\":\"ImageObject\",\"inLanguage\":\"de\",\"@id\":\"https:\/\/shop.bertplantagie.com\/de\/winkel\/pflege\/strukturol-2-30vk-weiss-40\/#primaryimage\",\"url\":\"https:\/\/shop.bertplantagie.com\/wp-content\/uploads\/sites\/4\/2017\/06\/structuurolie-2-30vk.jpg\",\"contentUrl\":\"https:\/\/shop.bertplantagie.com\/wp-content\/uploads\/sites\/4\/2017\/06\/structuurolie-2-30vk.jpg\",\"width\":620,\"height\":438},{\"@type\":\"BreadcrumbList\",\"@id\":\"https:\/\/shop.bertplantagie.com\/de\/winkel\/pflege\/strukturol-2-30vk-weiss-40\/#breadcrumb\",\"itemListElement\":[{\"@type\":\"ListItem\",\"position\":1,\"name\":\"Serviceshop\",\"item\":\"https:\/\/bertshop.colijn-webshops.nl\/de\/\"},{\"@type\":\"ListItem\",\"position\":2,\"name\":\"Shop\",\"item\":\"https:\/\/bertshop.colijn-webshops.nl\/de\/shop-2\/\"},{\"@type\":\"ListItem\",\"position\":3,\"name\":\"Pflege\",\"item\":\"https:\/\/shop.bertplantagie.com\/de\/product-category\/pflege\/\"},{\"@type\":\"ListItem\",\"position\":4,\"name\":\"Struktur\u00f6l 2-30VK wei\u00df 40\"}]},{\"@type\":\"WebSite\",\"@id\":\"https:\/\/bertshop.colijn-webshops.nl\/nl\/#website\",\"url\":\"https:\/\/bertshop.colijn-webshops.nl\/nl\/\",\"name\":\"bert plantagie Serviceshop\",\"description\":\"\",\"potentialAction\":[{\"@type\":\"SearchAction\",\"target\":{\"@type\":\"EntryPoint\",\"urlTemplate\":\"https:\/\/bertshop.colijn-webshops.nl\/nl\/?s={search_term_string}\"},\"query-input\":{\"@type\":\"PropertyValueSpecification\",\"valueRequired\":true,\"valueName\":\"search_term_string\"}}],\"inLanguage\":\"de\"}]}<\/script>\n<!-- \/ Yoast SEO plugin. -->","yoast_head_json":{"title":"Struktur\u00f6l 2-30VK wei\u00df 40 - bert plantagie Serviceshop","robots":{"index":"index","follow":"follow","max-snippet":"max-snippet:-1","max-image-preview":"max-image-preview:large","max-video-preview":"max-video-preview:-1"},"canonical":"https:\/\/shop.bertplantagie.com\/de\/winkel\/pflege\/strukturol-2-30vk-weiss-40\/","og_locale":"de_DE","og_type":"article","og_title":"Struktur\u00f6l 2-30VK wei\u00df 40 - bert plantagie Serviceshop","og_description":"--Bitte beachten Sie vor\u00fcbergehend eine andere Verpackung--  Preis pro Liter: \u20ac 158,80 Geeignet f\u00fcr blondes \u00d6l und Eiche Chalk \u00d6l. F\u00fcr die t\u00e4gliche Pflege mit einem leicht feuchten Tuch abnehmen und trocken nachwischen. Je nach Bedarf k\u00f6nnen Sie das Pflegeprodukt 2-30VK wei\u00df 40 (inkl. Scheuerschw\u00e4mmchen und Tuch) verwenden.   Reiben Sie das M\u00f6belst\u00fcck mit dem mitgelieferten Scheuermaterial in Faserrichtung leicht auf.  Entfernen Sie Stoffreste mit einem sauberen trockenen Tuch.  Verteilen Sie das \u00d6l gleichm\u00e4\u00dfig mit dem mitgelieferten Reinigungstuch.  Lassen Sie das \u00d6l 5 Minuten einziehen und nehmen Sie danach das \u00fcbersch\u00fcssige \u00d6l mit einem saubeeren Tuch ab.  Sorgen Sie daf\u00fcr, dass sich keine sichtbaren \u00d6lreste mehr auf dem Tisch befinden.  Nach 24 Stunden ist Ihr M\u00f6belst\u00fcck wieder einsatzbereit.","og_url":"https:\/\/shop.bertplantagie.com\/de\/winkel\/pflege\/strukturol-2-30vk-weiss-40\/","og_site_name":"bert plantagie Serviceshop","article_modified_time":"2024-10-08T06:58:15+00:00","og_image":[{"width":620,"height":438,"url":"https:\/\/bertshop.colijn-webshops.nl\/wp-content\/uploads\/sites\/4\/2017\/06\/structuurolie-2-30vk.jpg","type":"image\/jpeg"}],"twitter_card":"summary_large_image","schema":{"@context":"https:\/\/schema.org","@graph":[{"@type":"WebPage","@id":"https:\/\/shop.bertplantagie.com\/de\/winkel\/pflege\/strukturol-2-30vk-weiss-40\/","url":"https:\/\/shop.bertplantagie.com\/de\/winkel\/pflege\/strukturol-2-30vk-weiss-40\/","name":"Struktur\u00f6l 2-30VK wei\u00df 40 - bert plantagie Serviceshop","isPartOf":{"@id":"https:\/\/bertshop.colijn-webshops.nl\/nl\/#website"},"primaryImageOfPage":{"@id":"https:\/\/shop.bertplantagie.com\/de\/winkel\/pflege\/strukturol-2-30vk-weiss-40\/#primaryimage"},"image":{"@id":"https:\/\/shop.bertplantagie.com\/de\/winkel\/pflege\/strukturol-2-30vk-weiss-40\/#primaryimage"},"thumbnailUrl":"https:\/\/shop.bertplantagie.com\/wp-content\/uploads\/sites\/4\/2017\/06\/structuurolie-2-30vk.jpg","datePublished":"2017-06-30T12:11:39+00:00","dateModified":"2024-10-08T06:58:15+00:00","breadcrumb":{"@id":"https:\/\/shop.bertplantagie.com\/de\/winkel\/pflege\/strukturol-2-30vk-weiss-40\/#breadcrumb"},"inLanguage":"de","potentialAction":[{"@type":"ReadAction","target":["https:\/\/shop.bertplantagie.com\/de\/winkel\/pflege\/strukturol-2-30vk-weiss-40\/"]}]},{"@type":"ImageObject","inLanguage":"de","@id":"https:\/\/shop.bertplantagie.com\/de\/winkel\/pflege\/strukturol-2-30vk-weiss-40\/#primaryimage","url":"https:\/\/shop.bertplantagie.com\/wp-content\/uploads\/sites\/4\/2017\/06\/structuurolie-2-30vk.jpg","contentUrl":"https:\/\/shop.bertplantagie.com\/wp-content\/uploads\/sites\/4\/2017\/06\/structuurolie-2-30vk.jpg","width":620,"height":438},{"@type":"BreadcrumbList","@id":"https:\/\/shop.bertplantagie.com\/de\/winkel\/pflege\/strukturol-2-30vk-weiss-40\/#breadcrumb","itemListElement":[{"@type":"ListItem","position":1,"name":"Serviceshop","item":"https:\/\/bertshop.colijn-webshops.nl\/de\/"},{"@type":"ListItem","position":2,"name":"Shop","item":"https:\/\/bertshop.colijn-webshops.nl\/de\/shop-2\/"},{"@type":"ListItem","position":3,"name":"Pflege","item":"https:\/\/shop.bertplantagie.com\/de\/product-category\/pflege\/"},{"@type":"ListItem","position":4,"name":"Struktur\u00f6l 2-30VK wei\u00df 40"}]},{"@type":"WebSite","@id":"https:\/\/bertshop.colijn-webshops.nl\/nl\/#website","url":"https:\/\/bertshop.colijn-webshops.nl\/nl\/","name":"bert plantagie Serviceshop","description":"","potentialAction":[{"@type":"SearchAction","target":{"@type":"EntryPoint","urlTemplate":"https:\/\/bertshop.colijn-webshops.nl\/nl\/?s={search_term_string}"},"query-input":{"@type":"PropertyValueSpecification","valueRequired":true,"valueName":"search_term_string"}}],"inLanguage":"de"}]}},"_links":{"self":[{"href":"https:\/\/shop.bertplantagie.com\/de\/wp-json\/wp\/v2\/product\/9508","targetHints":{"allow":["GET"]}}],"collection":[{"href":"https:\/\/shop.bertplantagie.com\/de\/wp-json\/wp\/v2\/product"}],"about":[{"href":"https:\/\/shop.bertplantagie.com\/de\/wp-json\/wp\/v2\/types\/product"}],"wp:featuredmedia":[{"embeddable":true,"href":"https:\/\/shop.bertplantagie.com\/de\/wp-json\/wp\/v2\/media\/8795"}],"wp:attachment":[{"href":"https:\/\/shop.bertplantagie.com\/de\/wp-json\/wp\/v2\/media?parent=9508"}],"wp:term":[{"taxonomy":"product_brand","embeddable":true,"href":"https:\/\/shop.bertplantagie.com\/de\/wp-json\/wp\/v2\/product_brand?post=9508"},{"taxonomy":"product_cat","embeddable":true,"href":"https:\/\/shop.bertplantagie.com\/de\/wp-json\/wp\/v2\/product_cat?post=9508"},{"taxonomy":"product_tag","embeddable":true,"href":"https:\/\/shop.bertplantagie.com\/de\/wp-json\/wp\/v2\/product_tag?post=9508"}],"curies":[{"name":"wp","href":"https:\/\/api.w.org\/{rel}","templated":true}]}}