{"id":9709,"date":"2017-07-03T10:12:05","date_gmt":"2017-07-03T08:12:05","guid":{"rendered":"http:\/\/serviceshop.bieron.nl\/winkel\/uncategorized\/4x-klemmschalengleiter-d-mit-filz\/"},"modified":"2025-10-23T13:54:33","modified_gmt":"2025-10-23T11:54:33","slug":"4x-klemmschalengleiter-d-mit-filz","status":"publish","type":"product","link":"https:\/\/shop.bertplantagie.com\/de\/winkel\/gleiter\/4x-klemmschalengleiter-d-mit-filz\/","title":{"rendered":"4x Klemmschalengleiter D mit Filz"},"content":{"rendered":"","protected":false},"excerpt":{"rendered":"<p>Set von 4 Klemmschalengleiter f\u00fcr einen Stuhl. Die Gleiter sind aus Kunststoff und haben eine Filz Finish unter dem Fu\u00df, so dass diese Gleiter gut f\u00fcr Oberfl\u00e4chen wie Parkett geeignet sind.<\/p>\n","protected":false},"featured_media":9107,"template":"","meta":{"_acf_changed":false},"product_brand":[],"product_cat":[344],"product_tag":[],"class_list":{"0":"post-9709","1":"product","2":"type-product","3":"status-publish","4":"has-post-thumbnail","6":"product_cat-gleiter","7":"pa_levertijd-5-bis-9-arbeitstage","8":"pa_model-arlette-de","9":"pa_model-crac-de","10":"pa_model-duo-de","11":"pa_model-felp-de","12":"pa_model-james-de","13":"pa_model-jeanine-de","14":"pa_model-jeanne-de","15":"pa_model-misty-de","16":"pa_model-moon-de","17":"pa_model-reflex-de","18":"pa_model-spargo-de","19":"pa_model-tess-de","20":"pa_model-tidy-de","21":"pa_model-ultimo-freischwinger-de","22":"pa_ondergrond-estrich","23":"pa_ondergrond-kiesboden","24":"pa_ondergrond-laminat","25":"pa_ondergrond-linoleum-de","26":"pa_ondergrond-naturstein","27":"pa_ondergrond-parkett","28":"pa_ondergrond-steinfliesen-boden","29":"pa_onderstel-freischwinger-de","30":"pa_onderstel-schlitten-gestell","32":"first","33":"instock","34":"shipping-taxable","35":"purchasable","36":"product-type-variable"},"acf":[],"yoast_head":"<!-- This site is optimized with the Yoast SEO plugin v26.7 - https:\/\/yoast.com\/wordpress\/plugins\/seo\/ -->\n<title>4x Klemmschalengleiter D mit Filz - bert plantagie Serviceshop<\/title>\n<meta name=\"robots\" content=\"index, follow, max-snippet:-1, max-image-preview:large, max-video-preview:-1\" \/>\n<link rel=\"canonical\" href=\"https:\/\/shop.bertplantagie.com\/de\/winkel\/gleiter\/4x-klemmschalengleiter-d-mit-filz\/\" \/>\n<meta property=\"og:locale\" content=\"de_DE\" \/>\n<meta property=\"og:type\" content=\"article\" \/>\n<meta property=\"og:title\" content=\"4x Klemmschalengleiter D mit Filz - bert plantagie Serviceshop\" \/>\n<meta property=\"og:description\" content=\"Set von 4 Klemmschalengleiter f\u00fcr einen Stuhl. Die Gleiter sind aus Kunststoff und haben eine Filz Finish unter dem Fu\u00df, so dass diese Gleiter gut f\u00fcr Oberfl\u00e4chen wie Parkett geeignet sind.\" \/>\n<meta property=\"og:url\" content=\"https:\/\/shop.bertplantagie.com\/de\/winkel\/gleiter\/4x-klemmschalengleiter-d-mit-filz\/\" \/>\n<meta property=\"og:site_name\" content=\"bert plantagie Serviceshop\" \/>\n<meta property=\"article:modified_time\" content=\"2025-10-23T11:54:33+00:00\" \/>\n<meta property=\"og:image\" content=\"https:\/\/bertshop.colijn-webshops.nl\/wp-content\/uploads\/sites\/4\/2017\/07\/4x-Slededop-D-vilt-v20.jpg\" \/>\n\t<meta property=\"og:image:width\" content=\"620\" \/>\n\t<meta property=\"og:image:height\" content=\"438\" \/>\n\t<meta property=\"og:image:type\" content=\"image\/jpeg\" \/>\n<meta name=\"twitter:card\" content=\"summary_large_image\" \/>\n<meta name=\"twitter:label1\" content=\"Gesch\u00e4tzte Lesezeit\" \/>\n\t<meta name=\"twitter:data1\" content=\"1\u00a0Minute\" \/>\n<script type=\"application\/ld+json\" class=\"yoast-schema-graph\">{\"@context\":\"https:\/\/schema.org\",\"@graph\":[{\"@type\":\"WebPage\",\"@id\":\"https:\/\/shop.bertplantagie.com\/de\/winkel\/gleiter\/4x-klemmschalengleiter-d-mit-filz\/\",\"url\":\"https:\/\/shop.bertplantagie.com\/de\/winkel\/gleiter\/4x-klemmschalengleiter-d-mit-filz\/\",\"name\":\"4x Klemmschalengleiter D mit Filz - bert plantagie Serviceshop\",\"isPartOf\":{\"@id\":\"https:\/\/bertshop.colijn-webshops.nl\/nl\/#website\"},\"primaryImageOfPage\":{\"@id\":\"https:\/\/shop.bertplantagie.com\/de\/winkel\/gleiter\/4x-klemmschalengleiter-d-mit-filz\/#primaryimage\"},\"image\":{\"@id\":\"https:\/\/shop.bertplantagie.com\/de\/winkel\/gleiter\/4x-klemmschalengleiter-d-mit-filz\/#primaryimage\"},\"thumbnailUrl\":\"https:\/\/shop.bertplantagie.com\/wp-content\/uploads\/sites\/4\/2017\/07\/4x-Slededop-D-vilt-v20.jpg\",\"datePublished\":\"2017-07-03T08:12:05+00:00\",\"dateModified\":\"2025-10-23T11:54:33+00:00\",\"breadcrumb\":{\"@id\":\"https:\/\/shop.bertplantagie.com\/de\/winkel\/gleiter\/4x-klemmschalengleiter-d-mit-filz\/#breadcrumb\"},\"inLanguage\":\"de\",\"potentialAction\":[{\"@type\":\"ReadAction\",\"target\":[\"https:\/\/shop.bertplantagie.com\/de\/winkel\/gleiter\/4x-klemmschalengleiter-d-mit-filz\/\"]}]},{\"@type\":\"ImageObject\",\"inLanguage\":\"de\",\"@id\":\"https:\/\/shop.bertplantagie.com\/de\/winkel\/gleiter\/4x-klemmschalengleiter-d-mit-filz\/#primaryimage\",\"url\":\"https:\/\/shop.bertplantagie.com\/wp-content\/uploads\/sites\/4\/2017\/07\/4x-Slededop-D-vilt-v20.jpg\",\"contentUrl\":\"https:\/\/shop.bertplantagie.com\/wp-content\/uploads\/sites\/4\/2017\/07\/4x-Slededop-D-vilt-v20.jpg\",\"width\":620,\"height\":438},{\"@type\":\"BreadcrumbList\",\"@id\":\"https:\/\/shop.bertplantagie.com\/de\/winkel\/gleiter\/4x-klemmschalengleiter-d-mit-filz\/#breadcrumb\",\"itemListElement\":[{\"@type\":\"ListItem\",\"position\":1,\"name\":\"Serviceshop\",\"item\":\"https:\/\/bertshop.colijn-webshops.nl\/de\/\"},{\"@type\":\"ListItem\",\"position\":2,\"name\":\"Shop\",\"item\":\"https:\/\/bertshop.colijn-webshops.nl\/de\/shop-2\/\"},{\"@type\":\"ListItem\",\"position\":3,\"name\":\"Gleiter\",\"item\":\"https:\/\/shop.bertplantagie.com\/de\/product-category\/gleiter\/\"},{\"@type\":\"ListItem\",\"position\":4,\"name\":\"4x Klemmschalengleiter D mit Filz\"}]},{\"@type\":\"WebSite\",\"@id\":\"https:\/\/bertshop.colijn-webshops.nl\/nl\/#website\",\"url\":\"https:\/\/bertshop.colijn-webshops.nl\/nl\/\",\"name\":\"bert plantagie Serviceshop\",\"description\":\"\",\"potentialAction\":[{\"@type\":\"SearchAction\",\"target\":{\"@type\":\"EntryPoint\",\"urlTemplate\":\"https:\/\/bertshop.colijn-webshops.nl\/nl\/?s={search_term_string}\"},\"query-input\":{\"@type\":\"PropertyValueSpecification\",\"valueRequired\":true,\"valueName\":\"search_term_string\"}}],\"inLanguage\":\"de\"}]}<\/script>\n<!-- \/ Yoast SEO plugin. -->","yoast_head_json":{"title":"4x Klemmschalengleiter D mit Filz - bert plantagie Serviceshop","robots":{"index":"index","follow":"follow","max-snippet":"max-snippet:-1","max-image-preview":"max-image-preview:large","max-video-preview":"max-video-preview:-1"},"canonical":"https:\/\/shop.bertplantagie.com\/de\/winkel\/gleiter\/4x-klemmschalengleiter-d-mit-filz\/","og_locale":"de_DE","og_type":"article","og_title":"4x Klemmschalengleiter D mit Filz - bert plantagie Serviceshop","og_description":"Set von 4 Klemmschalengleiter f\u00fcr einen Stuhl. Die Gleiter sind aus Kunststoff und haben eine Filz Finish unter dem Fu\u00df, so dass diese Gleiter gut f\u00fcr Oberfl\u00e4chen wie Parkett geeignet sind.","og_url":"https:\/\/shop.bertplantagie.com\/de\/winkel\/gleiter\/4x-klemmschalengleiter-d-mit-filz\/","og_site_name":"bert plantagie Serviceshop","article_modified_time":"2025-10-23T11:54:33+00:00","og_image":[{"width":620,"height":438,"url":"https:\/\/bertshop.colijn-webshops.nl\/wp-content\/uploads\/sites\/4\/2017\/07\/4x-Slededop-D-vilt-v20.jpg","type":"image\/jpeg"}],"twitter_card":"summary_large_image","twitter_misc":{"Gesch\u00e4tzte Lesezeit":"1\u00a0Minute"},"schema":{"@context":"https:\/\/schema.org","@graph":[{"@type":"WebPage","@id":"https:\/\/shop.bertplantagie.com\/de\/winkel\/gleiter\/4x-klemmschalengleiter-d-mit-filz\/","url":"https:\/\/shop.bertplantagie.com\/de\/winkel\/gleiter\/4x-klemmschalengleiter-d-mit-filz\/","name":"4x Klemmschalengleiter D mit Filz - bert plantagie Serviceshop","isPartOf":{"@id":"https:\/\/bertshop.colijn-webshops.nl\/nl\/#website"},"primaryImageOfPage":{"@id":"https:\/\/shop.bertplantagie.com\/de\/winkel\/gleiter\/4x-klemmschalengleiter-d-mit-filz\/#primaryimage"},"image":{"@id":"https:\/\/shop.bertplantagie.com\/de\/winkel\/gleiter\/4x-klemmschalengleiter-d-mit-filz\/#primaryimage"},"thumbnailUrl":"https:\/\/shop.bertplantagie.com\/wp-content\/uploads\/sites\/4\/2017\/07\/4x-Slededop-D-vilt-v20.jpg","datePublished":"2017-07-03T08:12:05+00:00","dateModified":"2025-10-23T11:54:33+00:00","breadcrumb":{"@id":"https:\/\/shop.bertplantagie.com\/de\/winkel\/gleiter\/4x-klemmschalengleiter-d-mit-filz\/#breadcrumb"},"inLanguage":"de","potentialAction":[{"@type":"ReadAction","target":["https:\/\/shop.bertplantagie.com\/de\/winkel\/gleiter\/4x-klemmschalengleiter-d-mit-filz\/"]}]},{"@type":"ImageObject","inLanguage":"de","@id":"https:\/\/shop.bertplantagie.com\/de\/winkel\/gleiter\/4x-klemmschalengleiter-d-mit-filz\/#primaryimage","url":"https:\/\/shop.bertplantagie.com\/wp-content\/uploads\/sites\/4\/2017\/07\/4x-Slededop-D-vilt-v20.jpg","contentUrl":"https:\/\/shop.bertplantagie.com\/wp-content\/uploads\/sites\/4\/2017\/07\/4x-Slededop-D-vilt-v20.jpg","width":620,"height":438},{"@type":"BreadcrumbList","@id":"https:\/\/shop.bertplantagie.com\/de\/winkel\/gleiter\/4x-klemmschalengleiter-d-mit-filz\/#breadcrumb","itemListElement":[{"@type":"ListItem","position":1,"name":"Serviceshop","item":"https:\/\/bertshop.colijn-webshops.nl\/de\/"},{"@type":"ListItem","position":2,"name":"Shop","item":"https:\/\/bertshop.colijn-webshops.nl\/de\/shop-2\/"},{"@type":"ListItem","position":3,"name":"Gleiter","item":"https:\/\/shop.bertplantagie.com\/de\/product-category\/gleiter\/"},{"@type":"ListItem","position":4,"name":"4x Klemmschalengleiter D mit Filz"}]},{"@type":"WebSite","@id":"https:\/\/bertshop.colijn-webshops.nl\/nl\/#website","url":"https:\/\/bertshop.colijn-webshops.nl\/nl\/","name":"bert plantagie Serviceshop","description":"","potentialAction":[{"@type":"SearchAction","target":{"@type":"EntryPoint","urlTemplate":"https:\/\/bertshop.colijn-webshops.nl\/nl\/?s={search_term_string}"},"query-input":{"@type":"PropertyValueSpecification","valueRequired":true,"valueName":"search_term_string"}}],"inLanguage":"de"}]}},"_links":{"self":[{"href":"https:\/\/shop.bertplantagie.com\/de\/wp-json\/wp\/v2\/product\/9709","targetHints":{"allow":["GET"]}}],"collection":[{"href":"https:\/\/shop.bertplantagie.com\/de\/wp-json\/wp\/v2\/product"}],"about":[{"href":"https:\/\/shop.bertplantagie.com\/de\/wp-json\/wp\/v2\/types\/product"}],"wp:featuredmedia":[{"embeddable":true,"href":"https:\/\/shop.bertplantagie.com\/de\/wp-json\/wp\/v2\/media\/9107"}],"wp:attachment":[{"href":"https:\/\/shop.bertplantagie.com\/de\/wp-json\/wp\/v2\/media?parent=9709"}],"wp:term":[{"taxonomy":"product_brand","embeddable":true,"href":"https:\/\/shop.bertplantagie.com\/de\/wp-json\/wp\/v2\/product_brand?post=9709"},{"taxonomy":"product_cat","embeddable":true,"href":"https:\/\/shop.bertplantagie.com\/de\/wp-json\/wp\/v2\/product_cat?post=9709"},{"taxonomy":"product_tag","embeddable":true,"href":"https:\/\/shop.bertplantagie.com\/de\/wp-json\/wp\/v2\/product_tag?post=9709"}],"curies":[{"name":"wp","href":"https:\/\/api.w.org\/{rel}","templated":true}]}}