{"id":9711,"date":"2017-07-03T10:18:41","date_gmt":"2017-07-03T08:18:41","guid":{"rendered":"http:\/\/serviceshop.bieron.nl\/winkel\/uncategorized\/4x-flacher-kunststofffus\/"},"modified":"2022-06-18T14:41:47","modified_gmt":"2022-06-18T12:41:47","slug":"4x-flacher-kunststofffus","status":"publish","type":"product","link":"https:\/\/shop.bertplantagie.com\/de\/winkel\/gleiter\/4x-flacher-kunststofffus\/","title":{"rendered":"4x Flacher Kunststofffu\u00df"},"content":{"rendered":"","protected":false},"excerpt":{"rendered":"<p>Set von 4 Gleiter f\u00fcr einen Stuhl. Die Gleiter sind vollst\u00e4ndig aus Kunststoff und sind deswegen gut geeignet f\u00fcr Oberfl\u00e4chen wie Naturstein.<\/p>\n","protected":false},"featured_media":9131,"template":"","meta":{"_acf_changed":false},"product_brand":[],"product_cat":[344],"product_tag":[],"class_list":{"0":"post-9711","1":"product","2":"type-product","3":"status-publish","4":"has-post-thumbnail","6":"product_cat-gleiter","7":"pa_levertijd-5-bis-9-arbeitstage","8":"pa_model-blake-spin-de","9":"pa_model-joni-spin-de","10":"pa_model-rho-de","11":"pa_model-tara-spin-de","12":"pa_ondergrond-estrich","13":"pa_ondergrond-linoleum-de","14":"pa_ondergrond-naturstein","15":"pa_ondergrond-steinfliesen-boden","16":"pa_ondergrond-teppich","17":"pa_ondergrond-teppichboden","19":"first","20":"instock","21":"shipping-taxable","22":"purchasable","23":"product-type-variable"},"acf":[],"yoast_head":"<!-- This site is optimized with the Yoast SEO plugin v26.7 - https:\/\/yoast.com\/wordpress\/plugins\/seo\/ -->\n<title>4x Flacher Kunststofffu\u00df - bert plantagie Serviceshop<\/title>\n<meta name=\"robots\" content=\"index, follow, max-snippet:-1, max-image-preview:large, max-video-preview:-1\" \/>\n<link rel=\"canonical\" href=\"https:\/\/shop.bertplantagie.com\/de\/winkel\/gleiter\/4x-flacher-kunststofffus\/\" \/>\n<meta property=\"og:locale\" content=\"de_DE\" \/>\n<meta property=\"og:type\" content=\"article\" \/>\n<meta property=\"og:title\" content=\"4x Flacher Kunststofffu\u00df - bert plantagie Serviceshop\" \/>\n<meta property=\"og:description\" content=\"Set von 4 Gleiter f\u00fcr einen Stuhl. Die Gleiter sind vollst\u00e4ndig aus Kunststoff und sind deswegen gut geeignet f\u00fcr Oberfl\u00e4chen wie Naturstein.\" \/>\n<meta property=\"og:url\" content=\"https:\/\/shop.bertplantagie.com\/de\/winkel\/gleiter\/4x-flacher-kunststofffus\/\" \/>\n<meta property=\"og:site_name\" content=\"bert plantagie Serviceshop\" \/>\n<meta property=\"article:modified_time\" content=\"2022-06-18T12:41:47+00:00\" \/>\n<meta property=\"og:image\" content=\"https:\/\/bertshop.colijn-webshops.nl\/wp-content\/uploads\/sites\/4\/2017\/07\/4x-Platte-dop.jpg\" \/>\n\t<meta property=\"og:image:width\" content=\"620\" \/>\n\t<meta property=\"og:image:height\" content=\"438\" \/>\n\t<meta property=\"og:image:type\" content=\"image\/jpeg\" \/>\n<meta name=\"twitter:card\" content=\"summary_large_image\" \/>\n<script type=\"application\/ld+json\" class=\"yoast-schema-graph\">{\"@context\":\"https:\/\/schema.org\",\"@graph\":[{\"@type\":\"WebPage\",\"@id\":\"https:\/\/shop.bertplantagie.com\/de\/winkel\/gleiter\/4x-flacher-kunststofffus\/\",\"url\":\"https:\/\/shop.bertplantagie.com\/de\/winkel\/gleiter\/4x-flacher-kunststofffus\/\",\"name\":\"4x Flacher Kunststofffu\u00df - bert plantagie Serviceshop\",\"isPartOf\":{\"@id\":\"https:\/\/bertshop.colijn-webshops.nl\/nl\/#website\"},\"primaryImageOfPage\":{\"@id\":\"https:\/\/shop.bertplantagie.com\/de\/winkel\/gleiter\/4x-flacher-kunststofffus\/#primaryimage\"},\"image\":{\"@id\":\"https:\/\/shop.bertplantagie.com\/de\/winkel\/gleiter\/4x-flacher-kunststofffus\/#primaryimage\"},\"thumbnailUrl\":\"https:\/\/shop.bertplantagie.com\/wp-content\/uploads\/sites\/4\/2017\/07\/4x-Platte-dop.jpg\",\"datePublished\":\"2017-07-03T08:18:41+00:00\",\"dateModified\":\"2022-06-18T12:41:47+00:00\",\"breadcrumb\":{\"@id\":\"https:\/\/shop.bertplantagie.com\/de\/winkel\/gleiter\/4x-flacher-kunststofffus\/#breadcrumb\"},\"inLanguage\":\"de\",\"potentialAction\":[{\"@type\":\"ReadAction\",\"target\":[\"https:\/\/shop.bertplantagie.com\/de\/winkel\/gleiter\/4x-flacher-kunststofffus\/\"]}]},{\"@type\":\"ImageObject\",\"inLanguage\":\"de\",\"@id\":\"https:\/\/shop.bertplantagie.com\/de\/winkel\/gleiter\/4x-flacher-kunststofffus\/#primaryimage\",\"url\":\"https:\/\/shop.bertplantagie.com\/wp-content\/uploads\/sites\/4\/2017\/07\/4x-Platte-dop.jpg\",\"contentUrl\":\"https:\/\/shop.bertplantagie.com\/wp-content\/uploads\/sites\/4\/2017\/07\/4x-Platte-dop.jpg\",\"width\":620,\"height\":438},{\"@type\":\"BreadcrumbList\",\"@id\":\"https:\/\/shop.bertplantagie.com\/de\/winkel\/gleiter\/4x-flacher-kunststofffus\/#breadcrumb\",\"itemListElement\":[{\"@type\":\"ListItem\",\"position\":1,\"name\":\"Serviceshop\",\"item\":\"https:\/\/bertshop.colijn-webshops.nl\/de\/\"},{\"@type\":\"ListItem\",\"position\":2,\"name\":\"Shop\",\"item\":\"https:\/\/bertshop.colijn-webshops.nl\/de\/shop-2\/\"},{\"@type\":\"ListItem\",\"position\":3,\"name\":\"Gleiter\",\"item\":\"https:\/\/shop.bertplantagie.com\/de\/product-category\/gleiter\/\"},{\"@type\":\"ListItem\",\"position\":4,\"name\":\"4x Flacher Kunststofffu\u00df\"}]},{\"@type\":\"WebSite\",\"@id\":\"https:\/\/bertshop.colijn-webshops.nl\/nl\/#website\",\"url\":\"https:\/\/bertshop.colijn-webshops.nl\/nl\/\",\"name\":\"bert plantagie Serviceshop\",\"description\":\"\",\"potentialAction\":[{\"@type\":\"SearchAction\",\"target\":{\"@type\":\"EntryPoint\",\"urlTemplate\":\"https:\/\/bertshop.colijn-webshops.nl\/nl\/?s={search_term_string}\"},\"query-input\":{\"@type\":\"PropertyValueSpecification\",\"valueRequired\":true,\"valueName\":\"search_term_string\"}}],\"inLanguage\":\"de\"}]}<\/script>\n<!-- \/ Yoast SEO plugin. -->","yoast_head_json":{"title":"4x Flacher Kunststofffu\u00df - bert plantagie Serviceshop","robots":{"index":"index","follow":"follow","max-snippet":"max-snippet:-1","max-image-preview":"max-image-preview:large","max-video-preview":"max-video-preview:-1"},"canonical":"https:\/\/shop.bertplantagie.com\/de\/winkel\/gleiter\/4x-flacher-kunststofffus\/","og_locale":"de_DE","og_type":"article","og_title":"4x Flacher Kunststofffu\u00df - bert plantagie Serviceshop","og_description":"Set von 4 Gleiter f\u00fcr einen Stuhl. Die Gleiter sind vollst\u00e4ndig aus Kunststoff und sind deswegen gut geeignet f\u00fcr Oberfl\u00e4chen wie Naturstein.","og_url":"https:\/\/shop.bertplantagie.com\/de\/winkel\/gleiter\/4x-flacher-kunststofffus\/","og_site_name":"bert plantagie Serviceshop","article_modified_time":"2022-06-18T12:41:47+00:00","og_image":[{"width":620,"height":438,"url":"https:\/\/bertshop.colijn-webshops.nl\/wp-content\/uploads\/sites\/4\/2017\/07\/4x-Platte-dop.jpg","type":"image\/jpeg"}],"twitter_card":"summary_large_image","schema":{"@context":"https:\/\/schema.org","@graph":[{"@type":"WebPage","@id":"https:\/\/shop.bertplantagie.com\/de\/winkel\/gleiter\/4x-flacher-kunststofffus\/","url":"https:\/\/shop.bertplantagie.com\/de\/winkel\/gleiter\/4x-flacher-kunststofffus\/","name":"4x Flacher Kunststofffu\u00df - bert plantagie Serviceshop","isPartOf":{"@id":"https:\/\/bertshop.colijn-webshops.nl\/nl\/#website"},"primaryImageOfPage":{"@id":"https:\/\/shop.bertplantagie.com\/de\/winkel\/gleiter\/4x-flacher-kunststofffus\/#primaryimage"},"image":{"@id":"https:\/\/shop.bertplantagie.com\/de\/winkel\/gleiter\/4x-flacher-kunststofffus\/#primaryimage"},"thumbnailUrl":"https:\/\/shop.bertplantagie.com\/wp-content\/uploads\/sites\/4\/2017\/07\/4x-Platte-dop.jpg","datePublished":"2017-07-03T08:18:41+00:00","dateModified":"2022-06-18T12:41:47+00:00","breadcrumb":{"@id":"https:\/\/shop.bertplantagie.com\/de\/winkel\/gleiter\/4x-flacher-kunststofffus\/#breadcrumb"},"inLanguage":"de","potentialAction":[{"@type":"ReadAction","target":["https:\/\/shop.bertplantagie.com\/de\/winkel\/gleiter\/4x-flacher-kunststofffus\/"]}]},{"@type":"ImageObject","inLanguage":"de","@id":"https:\/\/shop.bertplantagie.com\/de\/winkel\/gleiter\/4x-flacher-kunststofffus\/#primaryimage","url":"https:\/\/shop.bertplantagie.com\/wp-content\/uploads\/sites\/4\/2017\/07\/4x-Platte-dop.jpg","contentUrl":"https:\/\/shop.bertplantagie.com\/wp-content\/uploads\/sites\/4\/2017\/07\/4x-Platte-dop.jpg","width":620,"height":438},{"@type":"BreadcrumbList","@id":"https:\/\/shop.bertplantagie.com\/de\/winkel\/gleiter\/4x-flacher-kunststofffus\/#breadcrumb","itemListElement":[{"@type":"ListItem","position":1,"name":"Serviceshop","item":"https:\/\/bertshop.colijn-webshops.nl\/de\/"},{"@type":"ListItem","position":2,"name":"Shop","item":"https:\/\/bertshop.colijn-webshops.nl\/de\/shop-2\/"},{"@type":"ListItem","position":3,"name":"Gleiter","item":"https:\/\/shop.bertplantagie.com\/de\/product-category\/gleiter\/"},{"@type":"ListItem","position":4,"name":"4x Flacher Kunststofffu\u00df"}]},{"@type":"WebSite","@id":"https:\/\/bertshop.colijn-webshops.nl\/nl\/#website","url":"https:\/\/bertshop.colijn-webshops.nl\/nl\/","name":"bert plantagie Serviceshop","description":"","potentialAction":[{"@type":"SearchAction","target":{"@type":"EntryPoint","urlTemplate":"https:\/\/bertshop.colijn-webshops.nl\/nl\/?s={search_term_string}"},"query-input":{"@type":"PropertyValueSpecification","valueRequired":true,"valueName":"search_term_string"}}],"inLanguage":"de"}]}},"_links":{"self":[{"href":"https:\/\/shop.bertplantagie.com\/de\/wp-json\/wp\/v2\/product\/9711","targetHints":{"allow":["GET"]}}],"collection":[{"href":"https:\/\/shop.bertplantagie.com\/de\/wp-json\/wp\/v2\/product"}],"about":[{"href":"https:\/\/shop.bertplantagie.com\/de\/wp-json\/wp\/v2\/types\/product"}],"wp:featuredmedia":[{"embeddable":true,"href":"https:\/\/shop.bertplantagie.com\/de\/wp-json\/wp\/v2\/media\/9131"}],"wp:attachment":[{"href":"https:\/\/shop.bertplantagie.com\/de\/wp-json\/wp\/v2\/media?parent=9711"}],"wp:term":[{"taxonomy":"product_brand","embeddable":true,"href":"https:\/\/shop.bertplantagie.com\/de\/wp-json\/wp\/v2\/product_brand?post=9711"},{"taxonomy":"product_cat","embeddable":true,"href":"https:\/\/shop.bertplantagie.com\/de\/wp-json\/wp\/v2\/product_cat?post=9711"},{"taxonomy":"product_tag","embeddable":true,"href":"https:\/\/shop.bertplantagie.com\/de\/wp-json\/wp\/v2\/product_tag?post=9711"}],"curies":[{"name":"wp","href":"https:\/\/api.w.org\/{rel}","templated":true}]}}