{"id":9815,"date":"2017-07-03T11:46:53","date_gmt":"2017-07-03T09:46:53","guid":{"rendered":"http:\/\/serviceshop.bieron.nl\/winkel\/uncategorized\/4x-fester-gleiter-stahl-o19\/"},"modified":"2022-06-18T14:41:31","modified_gmt":"2022-06-18T12:41:31","slug":"4x-fester-gleiter-stahl-o19","status":"publish","type":"product","link":"https:\/\/shop.bertplantagie.com\/de\/winkel\/gleiter\/4x-fester-gleiter-stahl-o19\/","title":{"rendered":"4x Fester Gleiter Stahl \u00f819"},"content":{"rendered":"","protected":false},"excerpt":{"rendered":"<p>Set von 4 Gleiter f\u00fcr einen Stuhl. Die Gleiter sind vollst\u00e4ndig aus Stahl und sind deswegen gut f\u00fcr Oberfl\u00e4chen wie Teppich geeignet.<\/p>\n","protected":false},"featured_media":9232,"template":"","meta":{"_acf_changed":false},"product_brand":[],"product_cat":[344],"product_tag":[],"class_list":{"0":"post-9815","1":"product","2":"type-product","3":"status-publish","4":"has-post-thumbnail","6":"product_cat-gleiter","7":"pa_levertijd-5-bis-9-arbeitstage","8":"pa_model-amber-de","9":"pa_model-amie-de","10":"pa_model-arc-de","11":"pa_model-audrey-de","12":"pa_model-bachata-de","13":"pa_model-blake-four-de","14":"pa_model-break-de","15":"pa_model-brik-de","16":"pa_model-chacha-de","17":"pa_model-crac-de","18":"pa_model-cric-de","19":"pa_model-duo-de","20":"pa_model-ego-de","21":"pa_model-enjoy-de","22":"pa_model-felp-de","23":"pa_model-grace-de","24":"pa_model-groove-de","25":"pa_model-hopper-de","26":"pa_model-jade-de","27":"pa_model-james-de","28":"pa_model-jay-de","29":"pa_model-jeanne-de","30":"pa_model-jive-de","31":"pa_model-joni-four-de","32":"pa_model-joy-de","33":"pa_model-kameleon-de","34":"pa_model-kelly-de","35":"pa_model-lambada-de","36":"pa_model-luck-de","37":"pa_model-luck","38":"pa_model-madly-de","39":"pa_model-mambo-de","40":"pa_model-merengue-de","41":"pa_model-misty-de","42":"pa_model-monica-de","43":"pa_model-moon-de","44":"pa_model-nica-de","45":"pa_model-pose-de","46":"pa_model-proud-de","47":"pa_model-reflex-de","48":"pa_model-rumba-de","49":"pa_model-salsa-de","50":"pa_model-shadow-de","51":"pa_model-spargo-de","52":"pa_model-speed-de","53":"pa_model-spider-de","54":"pa_model-spirit-de","55":"pa_model-style-de","56":"pa_model-tara-four-de","57":"pa_model-tess-de","58":"pa_model-tidy-de","59":"pa_model-uniform-de","60":"pa_model-wizard-de","61":"pa_model-zuki-e-de","62":"pa_ondergrond-teppich","63":"pa_ondergrond-teppichboden","64":"pa_onderstel-runde-beine","66":"first","67":"instock","68":"shipping-taxable","69":"purchasable","70":"product-type-variable"},"acf":[],"yoast_head":"<!-- This site is optimized with the Yoast SEO plugin v26.7 - https:\/\/yoast.com\/wordpress\/plugins\/seo\/ -->\n<title>4x Fester Gleiter Stahl \u00f819 - bert plantagie Serviceshop<\/title>\n<meta name=\"robots\" content=\"index, follow, max-snippet:-1, max-image-preview:large, max-video-preview:-1\" \/>\n<link rel=\"canonical\" href=\"https:\/\/shop.bertplantagie.com\/de\/winkel\/gleiter\/4x-fester-gleiter-stahl-o19\/\" \/>\n<meta property=\"og:locale\" content=\"de_DE\" \/>\n<meta property=\"og:type\" content=\"article\" \/>\n<meta property=\"og:title\" content=\"4x Fester Gleiter Stahl \u00f819 - bert plantagie Serviceshop\" \/>\n<meta property=\"og:description\" content=\"Set von 4 Gleiter f\u00fcr einen Stuhl. Die Gleiter sind vollst\u00e4ndig aus Stahl und sind deswegen gut f\u00fcr Oberfl\u00e4chen wie Teppich geeignet.\" \/>\n<meta property=\"og:url\" content=\"https:\/\/shop.bertplantagie.com\/de\/winkel\/gleiter\/4x-fester-gleiter-stahl-o19\/\" \/>\n<meta property=\"og:site_name\" content=\"bert plantagie Serviceshop\" \/>\n<meta property=\"article:modified_time\" content=\"2022-06-18T12:41:31+00:00\" \/>\n<meta property=\"og:image\" content=\"https:\/\/bertshop.colijn-webshops.nl\/wp-content\/uploads\/sites\/4\/2017\/07\/4x-Vaste-dop-staal-19.jpg\" \/>\n\t<meta property=\"og:image:width\" content=\"620\" \/>\n\t<meta property=\"og:image:height\" content=\"438\" \/>\n\t<meta property=\"og:image:type\" content=\"image\/jpeg\" \/>\n<meta name=\"twitter:card\" content=\"summary_large_image\" \/>\n<script type=\"application\/ld+json\" class=\"yoast-schema-graph\">{\"@context\":\"https:\/\/schema.org\",\"@graph\":[{\"@type\":\"WebPage\",\"@id\":\"https:\/\/shop.bertplantagie.com\/de\/winkel\/gleiter\/4x-fester-gleiter-stahl-o19\/\",\"url\":\"https:\/\/shop.bertplantagie.com\/de\/winkel\/gleiter\/4x-fester-gleiter-stahl-o19\/\",\"name\":\"4x Fester Gleiter Stahl \u00f819 - bert plantagie Serviceshop\",\"isPartOf\":{\"@id\":\"https:\/\/bertshop.colijn-webshops.nl\/nl\/#website\"},\"primaryImageOfPage\":{\"@id\":\"https:\/\/shop.bertplantagie.com\/de\/winkel\/gleiter\/4x-fester-gleiter-stahl-o19\/#primaryimage\"},\"image\":{\"@id\":\"https:\/\/shop.bertplantagie.com\/de\/winkel\/gleiter\/4x-fester-gleiter-stahl-o19\/#primaryimage\"},\"thumbnailUrl\":\"https:\/\/shop.bertplantagie.com\/wp-content\/uploads\/sites\/4\/2017\/07\/4x-Vaste-dop-staal-19.jpg\",\"datePublished\":\"2017-07-03T09:46:53+00:00\",\"dateModified\":\"2022-06-18T12:41:31+00:00\",\"breadcrumb\":{\"@id\":\"https:\/\/shop.bertplantagie.com\/de\/winkel\/gleiter\/4x-fester-gleiter-stahl-o19\/#breadcrumb\"},\"inLanguage\":\"de\",\"potentialAction\":[{\"@type\":\"ReadAction\",\"target\":[\"https:\/\/shop.bertplantagie.com\/de\/winkel\/gleiter\/4x-fester-gleiter-stahl-o19\/\"]}]},{\"@type\":\"ImageObject\",\"inLanguage\":\"de\",\"@id\":\"https:\/\/shop.bertplantagie.com\/de\/winkel\/gleiter\/4x-fester-gleiter-stahl-o19\/#primaryimage\",\"url\":\"https:\/\/shop.bertplantagie.com\/wp-content\/uploads\/sites\/4\/2017\/07\/4x-Vaste-dop-staal-19.jpg\",\"contentUrl\":\"https:\/\/shop.bertplantagie.com\/wp-content\/uploads\/sites\/4\/2017\/07\/4x-Vaste-dop-staal-19.jpg\",\"width\":620,\"height\":438},{\"@type\":\"BreadcrumbList\",\"@id\":\"https:\/\/shop.bertplantagie.com\/de\/winkel\/gleiter\/4x-fester-gleiter-stahl-o19\/#breadcrumb\",\"itemListElement\":[{\"@type\":\"ListItem\",\"position\":1,\"name\":\"Serviceshop\",\"item\":\"https:\/\/bertshop.colijn-webshops.nl\/de\/\"},{\"@type\":\"ListItem\",\"position\":2,\"name\":\"Shop\",\"item\":\"https:\/\/bertshop.colijn-webshops.nl\/de\/shop-2\/\"},{\"@type\":\"ListItem\",\"position\":3,\"name\":\"Gleiter\",\"item\":\"https:\/\/shop.bertplantagie.com\/de\/product-category\/gleiter\/\"},{\"@type\":\"ListItem\",\"position\":4,\"name\":\"4x Fester Gleiter Stahl \u00f819\"}]},{\"@type\":\"WebSite\",\"@id\":\"https:\/\/bertshop.colijn-webshops.nl\/nl\/#website\",\"url\":\"https:\/\/bertshop.colijn-webshops.nl\/nl\/\",\"name\":\"bert plantagie Serviceshop\",\"description\":\"\",\"potentialAction\":[{\"@type\":\"SearchAction\",\"target\":{\"@type\":\"EntryPoint\",\"urlTemplate\":\"https:\/\/bertshop.colijn-webshops.nl\/nl\/?s={search_term_string}\"},\"query-input\":{\"@type\":\"PropertyValueSpecification\",\"valueRequired\":true,\"valueName\":\"search_term_string\"}}],\"inLanguage\":\"de\"}]}<\/script>\n<!-- \/ Yoast SEO plugin. -->","yoast_head_json":{"title":"4x Fester Gleiter Stahl \u00f819 - bert plantagie Serviceshop","robots":{"index":"index","follow":"follow","max-snippet":"max-snippet:-1","max-image-preview":"max-image-preview:large","max-video-preview":"max-video-preview:-1"},"canonical":"https:\/\/shop.bertplantagie.com\/de\/winkel\/gleiter\/4x-fester-gleiter-stahl-o19\/","og_locale":"de_DE","og_type":"article","og_title":"4x Fester Gleiter Stahl \u00f819 - bert plantagie Serviceshop","og_description":"Set von 4 Gleiter f\u00fcr einen Stuhl. Die Gleiter sind vollst\u00e4ndig aus Stahl und sind deswegen gut f\u00fcr Oberfl\u00e4chen wie Teppich geeignet.","og_url":"https:\/\/shop.bertplantagie.com\/de\/winkel\/gleiter\/4x-fester-gleiter-stahl-o19\/","og_site_name":"bert plantagie Serviceshop","article_modified_time":"2022-06-18T12:41:31+00:00","og_image":[{"width":620,"height":438,"url":"https:\/\/bertshop.colijn-webshops.nl\/wp-content\/uploads\/sites\/4\/2017\/07\/4x-Vaste-dop-staal-19.jpg","type":"image\/jpeg"}],"twitter_card":"summary_large_image","schema":{"@context":"https:\/\/schema.org","@graph":[{"@type":"WebPage","@id":"https:\/\/shop.bertplantagie.com\/de\/winkel\/gleiter\/4x-fester-gleiter-stahl-o19\/","url":"https:\/\/shop.bertplantagie.com\/de\/winkel\/gleiter\/4x-fester-gleiter-stahl-o19\/","name":"4x Fester Gleiter Stahl \u00f819 - bert plantagie Serviceshop","isPartOf":{"@id":"https:\/\/bertshop.colijn-webshops.nl\/nl\/#website"},"primaryImageOfPage":{"@id":"https:\/\/shop.bertplantagie.com\/de\/winkel\/gleiter\/4x-fester-gleiter-stahl-o19\/#primaryimage"},"image":{"@id":"https:\/\/shop.bertplantagie.com\/de\/winkel\/gleiter\/4x-fester-gleiter-stahl-o19\/#primaryimage"},"thumbnailUrl":"https:\/\/shop.bertplantagie.com\/wp-content\/uploads\/sites\/4\/2017\/07\/4x-Vaste-dop-staal-19.jpg","datePublished":"2017-07-03T09:46:53+00:00","dateModified":"2022-06-18T12:41:31+00:00","breadcrumb":{"@id":"https:\/\/shop.bertplantagie.com\/de\/winkel\/gleiter\/4x-fester-gleiter-stahl-o19\/#breadcrumb"},"inLanguage":"de","potentialAction":[{"@type":"ReadAction","target":["https:\/\/shop.bertplantagie.com\/de\/winkel\/gleiter\/4x-fester-gleiter-stahl-o19\/"]}]},{"@type":"ImageObject","inLanguage":"de","@id":"https:\/\/shop.bertplantagie.com\/de\/winkel\/gleiter\/4x-fester-gleiter-stahl-o19\/#primaryimage","url":"https:\/\/shop.bertplantagie.com\/wp-content\/uploads\/sites\/4\/2017\/07\/4x-Vaste-dop-staal-19.jpg","contentUrl":"https:\/\/shop.bertplantagie.com\/wp-content\/uploads\/sites\/4\/2017\/07\/4x-Vaste-dop-staal-19.jpg","width":620,"height":438},{"@type":"BreadcrumbList","@id":"https:\/\/shop.bertplantagie.com\/de\/winkel\/gleiter\/4x-fester-gleiter-stahl-o19\/#breadcrumb","itemListElement":[{"@type":"ListItem","position":1,"name":"Serviceshop","item":"https:\/\/bertshop.colijn-webshops.nl\/de\/"},{"@type":"ListItem","position":2,"name":"Shop","item":"https:\/\/bertshop.colijn-webshops.nl\/de\/shop-2\/"},{"@type":"ListItem","position":3,"name":"Gleiter","item":"https:\/\/shop.bertplantagie.com\/de\/product-category\/gleiter\/"},{"@type":"ListItem","position":4,"name":"4x Fester Gleiter Stahl \u00f819"}]},{"@type":"WebSite","@id":"https:\/\/bertshop.colijn-webshops.nl\/nl\/#website","url":"https:\/\/bertshop.colijn-webshops.nl\/nl\/","name":"bert plantagie Serviceshop","description":"","potentialAction":[{"@type":"SearchAction","target":{"@type":"EntryPoint","urlTemplate":"https:\/\/bertshop.colijn-webshops.nl\/nl\/?s={search_term_string}"},"query-input":{"@type":"PropertyValueSpecification","valueRequired":true,"valueName":"search_term_string"}}],"inLanguage":"de"}]}},"_links":{"self":[{"href":"https:\/\/shop.bertplantagie.com\/de\/wp-json\/wp\/v2\/product\/9815","targetHints":{"allow":["GET"]}}],"collection":[{"href":"https:\/\/shop.bertplantagie.com\/de\/wp-json\/wp\/v2\/product"}],"about":[{"href":"https:\/\/shop.bertplantagie.com\/de\/wp-json\/wp\/v2\/types\/product"}],"wp:featuredmedia":[{"embeddable":true,"href":"https:\/\/shop.bertplantagie.com\/de\/wp-json\/wp\/v2\/media\/9232"}],"wp:attachment":[{"href":"https:\/\/shop.bertplantagie.com\/de\/wp-json\/wp\/v2\/media?parent=9815"}],"wp:term":[{"taxonomy":"product_brand","embeddable":true,"href":"https:\/\/shop.bertplantagie.com\/de\/wp-json\/wp\/v2\/product_brand?post=9815"},{"taxonomy":"product_cat","embeddable":true,"href":"https:\/\/shop.bertplantagie.com\/de\/wp-json\/wp\/v2\/product_cat?post=9815"},{"taxonomy":"product_tag","embeddable":true,"href":"https:\/\/shop.bertplantagie.com\/de\/wp-json\/wp\/v2\/product_tag?post=9815"}],"curies":[{"name":"wp","href":"https:\/\/api.w.org\/{rel}","templated":true}]}}