{"id":9841,"date":"2017-07-03T11:57:44","date_gmt":"2017-07-03T09:57:44","guid":{"rendered":"http:\/\/serviceshop.bieron.nl\/winkel\/uncategorized\/4x-flacher-kunststofffus-o19\/"},"modified":"2022-06-18T14:41:29","modified_gmt":"2022-06-18T12:41:29","slug":"flacher-kunststofffus-v25","status":"publish","type":"product","link":"https:\/\/shop.bertplantagie.com\/de\/winkel\/gleiter\/flacher-kunststofffus-v25\/","title":{"rendered":"Flacher Kunststofffu\u00df v25"},"content":{"rendered":"","protected":false},"excerpt":{"rendered":"<p>Die Flacher Kunststofffu\u00df ist vollst\u00e4ndig aus Kunststoff. Einfach zu ersetzen.<\/p>\n","protected":false},"featured_media":9305,"template":"","meta":{"_acf_changed":false},"product_brand":[],"product_cat":[344],"product_tag":[],"class_list":{"0":"post-9841","1":"product","2":"type-product","3":"status-publish","4":"has-post-thumbnail","6":"product_cat-gleiter","7":"pa_levertijd-5-bis-9-arbeitstage","8":"pa_model-kamelia-de","9":"pa_model-vogue-de","10":"pa_ondergrond-estrich","11":"pa_ondergrond-linoleum-de","12":"pa_ondergrond-naturstein","13":"pa_ondergrond-steinfliesen-boden","14":"pa_ondergrond-teppich","15":"pa_onderstel-viereckige-beine","17":"first","18":"instock","19":"shipping-taxable","20":"purchasable","21":"product-type-variable"},"acf":[],"yoast_head":"<!-- This site is optimized with the Yoast SEO plugin v26.7 - https:\/\/yoast.com\/wordpress\/plugins\/seo\/ -->\n<title>Flacher Kunststofffu\u00df v25 - bert plantagie Serviceshop<\/title>\n<meta name=\"robots\" content=\"index, follow, max-snippet:-1, max-image-preview:large, max-video-preview:-1\" \/>\n<link rel=\"canonical\" href=\"https:\/\/shop.bertplantagie.com\/de\/winkel\/gleiter\/flacher-kunststofffus-v25\/\" \/>\n<meta property=\"og:locale\" content=\"de_DE\" \/>\n<meta property=\"og:type\" content=\"article\" \/>\n<meta property=\"og:title\" content=\"Flacher Kunststofffu\u00df v25 - bert plantagie Serviceshop\" \/>\n<meta property=\"og:description\" content=\"Die Flacher Kunststofffu\u00df ist vollst\u00e4ndig aus Kunststoff. Einfach zu ersetzen.\" \/>\n<meta property=\"og:url\" content=\"https:\/\/shop.bertplantagie.com\/de\/winkel\/gleiter\/flacher-kunststofffus-v25\/\" \/>\n<meta property=\"og:site_name\" content=\"bert plantagie Serviceshop\" \/>\n<meta property=\"article:modified_time\" content=\"2022-06-18T12:41:29+00:00\" \/>\n<meta property=\"og:image\" content=\"https:\/\/bertshop.colijn-webshops.nl\/wp-content\/uploads\/sites\/4\/2017\/07\/4x-Platte-dop-v25.jpg\" \/>\n\t<meta property=\"og:image:width\" content=\"620\" \/>\n\t<meta property=\"og:image:height\" content=\"438\" \/>\n\t<meta property=\"og:image:type\" content=\"image\/jpeg\" \/>\n<meta name=\"twitter:card\" content=\"summary_large_image\" \/>\n<script type=\"application\/ld+json\" class=\"yoast-schema-graph\">{\"@context\":\"https:\/\/schema.org\",\"@graph\":[{\"@type\":\"WebPage\",\"@id\":\"https:\/\/shop.bertplantagie.com\/de\/winkel\/gleiter\/flacher-kunststofffus-v25\/\",\"url\":\"https:\/\/shop.bertplantagie.com\/de\/winkel\/gleiter\/flacher-kunststofffus-v25\/\",\"name\":\"Flacher Kunststofffu\u00df v25 - bert plantagie Serviceshop\",\"isPartOf\":{\"@id\":\"https:\/\/bertshop.colijn-webshops.nl\/nl\/#website\"},\"primaryImageOfPage\":{\"@id\":\"https:\/\/shop.bertplantagie.com\/de\/winkel\/gleiter\/flacher-kunststofffus-v25\/#primaryimage\"},\"image\":{\"@id\":\"https:\/\/shop.bertplantagie.com\/de\/winkel\/gleiter\/flacher-kunststofffus-v25\/#primaryimage\"},\"thumbnailUrl\":\"https:\/\/shop.bertplantagie.com\/wp-content\/uploads\/sites\/4\/2017\/07\/4x-Platte-dop-v25.jpg\",\"datePublished\":\"2017-07-03T09:57:44+00:00\",\"dateModified\":\"2022-06-18T12:41:29+00:00\",\"breadcrumb\":{\"@id\":\"https:\/\/shop.bertplantagie.com\/de\/winkel\/gleiter\/flacher-kunststofffus-v25\/#breadcrumb\"},\"inLanguage\":\"de\",\"potentialAction\":[{\"@type\":\"ReadAction\",\"target\":[\"https:\/\/shop.bertplantagie.com\/de\/winkel\/gleiter\/flacher-kunststofffus-v25\/\"]}]},{\"@type\":\"ImageObject\",\"inLanguage\":\"de\",\"@id\":\"https:\/\/shop.bertplantagie.com\/de\/winkel\/gleiter\/flacher-kunststofffus-v25\/#primaryimage\",\"url\":\"https:\/\/shop.bertplantagie.com\/wp-content\/uploads\/sites\/4\/2017\/07\/4x-Platte-dop-v25.jpg\",\"contentUrl\":\"https:\/\/shop.bertplantagie.com\/wp-content\/uploads\/sites\/4\/2017\/07\/4x-Platte-dop-v25.jpg\",\"width\":620,\"height\":438},{\"@type\":\"BreadcrumbList\",\"@id\":\"https:\/\/shop.bertplantagie.com\/de\/winkel\/gleiter\/flacher-kunststofffus-v25\/#breadcrumb\",\"itemListElement\":[{\"@type\":\"ListItem\",\"position\":1,\"name\":\"Serviceshop\",\"item\":\"https:\/\/bertshop.colijn-webshops.nl\/de\/\"},{\"@type\":\"ListItem\",\"position\":2,\"name\":\"Shop\",\"item\":\"https:\/\/bertshop.colijn-webshops.nl\/de\/shop-2\/\"},{\"@type\":\"ListItem\",\"position\":3,\"name\":\"Gleiter\",\"item\":\"https:\/\/shop.bertplantagie.com\/de\/product-category\/gleiter\/\"},{\"@type\":\"ListItem\",\"position\":4,\"name\":\"Flacher Kunststofffu\u00df v25\"}]},{\"@type\":\"WebSite\",\"@id\":\"https:\/\/bertshop.colijn-webshops.nl\/nl\/#website\",\"url\":\"https:\/\/bertshop.colijn-webshops.nl\/nl\/\",\"name\":\"bert plantagie Serviceshop\",\"description\":\"\",\"potentialAction\":[{\"@type\":\"SearchAction\",\"target\":{\"@type\":\"EntryPoint\",\"urlTemplate\":\"https:\/\/bertshop.colijn-webshops.nl\/nl\/?s={search_term_string}\"},\"query-input\":{\"@type\":\"PropertyValueSpecification\",\"valueRequired\":true,\"valueName\":\"search_term_string\"}}],\"inLanguage\":\"de\"}]}<\/script>\n<!-- \/ Yoast SEO plugin. -->","yoast_head_json":{"title":"Flacher Kunststofffu\u00df v25 - bert plantagie Serviceshop","robots":{"index":"index","follow":"follow","max-snippet":"max-snippet:-1","max-image-preview":"max-image-preview:large","max-video-preview":"max-video-preview:-1"},"canonical":"https:\/\/shop.bertplantagie.com\/de\/winkel\/gleiter\/flacher-kunststofffus-v25\/","og_locale":"de_DE","og_type":"article","og_title":"Flacher Kunststofffu\u00df v25 - bert plantagie Serviceshop","og_description":"Die Flacher Kunststofffu\u00df ist vollst\u00e4ndig aus Kunststoff. Einfach zu ersetzen.","og_url":"https:\/\/shop.bertplantagie.com\/de\/winkel\/gleiter\/flacher-kunststofffus-v25\/","og_site_name":"bert plantagie Serviceshop","article_modified_time":"2022-06-18T12:41:29+00:00","og_image":[{"width":620,"height":438,"url":"https:\/\/bertshop.colijn-webshops.nl\/wp-content\/uploads\/sites\/4\/2017\/07\/4x-Platte-dop-v25.jpg","type":"image\/jpeg"}],"twitter_card":"summary_large_image","schema":{"@context":"https:\/\/schema.org","@graph":[{"@type":"WebPage","@id":"https:\/\/shop.bertplantagie.com\/de\/winkel\/gleiter\/flacher-kunststofffus-v25\/","url":"https:\/\/shop.bertplantagie.com\/de\/winkel\/gleiter\/flacher-kunststofffus-v25\/","name":"Flacher Kunststofffu\u00df v25 - bert plantagie Serviceshop","isPartOf":{"@id":"https:\/\/bertshop.colijn-webshops.nl\/nl\/#website"},"primaryImageOfPage":{"@id":"https:\/\/shop.bertplantagie.com\/de\/winkel\/gleiter\/flacher-kunststofffus-v25\/#primaryimage"},"image":{"@id":"https:\/\/shop.bertplantagie.com\/de\/winkel\/gleiter\/flacher-kunststofffus-v25\/#primaryimage"},"thumbnailUrl":"https:\/\/shop.bertplantagie.com\/wp-content\/uploads\/sites\/4\/2017\/07\/4x-Platte-dop-v25.jpg","datePublished":"2017-07-03T09:57:44+00:00","dateModified":"2022-06-18T12:41:29+00:00","breadcrumb":{"@id":"https:\/\/shop.bertplantagie.com\/de\/winkel\/gleiter\/flacher-kunststofffus-v25\/#breadcrumb"},"inLanguage":"de","potentialAction":[{"@type":"ReadAction","target":["https:\/\/shop.bertplantagie.com\/de\/winkel\/gleiter\/flacher-kunststofffus-v25\/"]}]},{"@type":"ImageObject","inLanguage":"de","@id":"https:\/\/shop.bertplantagie.com\/de\/winkel\/gleiter\/flacher-kunststofffus-v25\/#primaryimage","url":"https:\/\/shop.bertplantagie.com\/wp-content\/uploads\/sites\/4\/2017\/07\/4x-Platte-dop-v25.jpg","contentUrl":"https:\/\/shop.bertplantagie.com\/wp-content\/uploads\/sites\/4\/2017\/07\/4x-Platte-dop-v25.jpg","width":620,"height":438},{"@type":"BreadcrumbList","@id":"https:\/\/shop.bertplantagie.com\/de\/winkel\/gleiter\/flacher-kunststofffus-v25\/#breadcrumb","itemListElement":[{"@type":"ListItem","position":1,"name":"Serviceshop","item":"https:\/\/bertshop.colijn-webshops.nl\/de\/"},{"@type":"ListItem","position":2,"name":"Shop","item":"https:\/\/bertshop.colijn-webshops.nl\/de\/shop-2\/"},{"@type":"ListItem","position":3,"name":"Gleiter","item":"https:\/\/shop.bertplantagie.com\/de\/product-category\/gleiter\/"},{"@type":"ListItem","position":4,"name":"Flacher Kunststofffu\u00df v25"}]},{"@type":"WebSite","@id":"https:\/\/bertshop.colijn-webshops.nl\/nl\/#website","url":"https:\/\/bertshop.colijn-webshops.nl\/nl\/","name":"bert plantagie Serviceshop","description":"","potentialAction":[{"@type":"SearchAction","target":{"@type":"EntryPoint","urlTemplate":"https:\/\/bertshop.colijn-webshops.nl\/nl\/?s={search_term_string}"},"query-input":{"@type":"PropertyValueSpecification","valueRequired":true,"valueName":"search_term_string"}}],"inLanguage":"de"}]}},"_links":{"self":[{"href":"https:\/\/shop.bertplantagie.com\/de\/wp-json\/wp\/v2\/product\/9841","targetHints":{"allow":["GET"]}}],"collection":[{"href":"https:\/\/shop.bertplantagie.com\/de\/wp-json\/wp\/v2\/product"}],"about":[{"href":"https:\/\/shop.bertplantagie.com\/de\/wp-json\/wp\/v2\/types\/product"}],"wp:featuredmedia":[{"embeddable":true,"href":"https:\/\/shop.bertplantagie.com\/de\/wp-json\/wp\/v2\/media\/9305"}],"wp:attachment":[{"href":"https:\/\/shop.bertplantagie.com\/de\/wp-json\/wp\/v2\/media?parent=9841"}],"wp:term":[{"taxonomy":"product_brand","embeddable":true,"href":"https:\/\/shop.bertplantagie.com\/de\/wp-json\/wp\/v2\/product_brand?post=9841"},{"taxonomy":"product_cat","embeddable":true,"href":"https:\/\/shop.bertplantagie.com\/de\/wp-json\/wp\/v2\/product_cat?post=9841"},{"taxonomy":"product_tag","embeddable":true,"href":"https:\/\/shop.bertplantagie.com\/de\/wp-json\/wp\/v2\/product_tag?post=9841"}],"curies":[{"name":"wp","href":"https:\/\/api.w.org\/{rel}","templated":true}]}}